{"id":436,"date":"2022-02-11T12:01:24","date_gmt":"2022-02-11T12:01:24","guid":{"rendered":"https:\/\/mot-yvas.lt\/?post_type=product&#038;p=436"},"modified":"2022-02-11T12:01:24","modified_gmt":"2022-02-11T12:01:24","slug":"didelis-sviesus-krepsys","status":"publish","type":"product","link":"https:\/\/mot-yvas.lt\/index.php\/product\/didelis-sviesus-krepsys\/","title":{"rendered":"Didelis \u0161viesus krep\u0161ys"},"content":{"rendered":"<p>&nbsp;<\/p>\n<div class=\"tab-content  col-xs-12\">\n<div id=\"tab-description\" class=\"tab-pane active\">\n<div id=\"collapse-description\" class=\"desc-collapse showup\">\n<p>&#8211; Talpus ir ergonomi\u0161kas krep\u0161ys su i\u0161orin\u0117mis bei vidin\u0117mis ki\u0161en\u0117mis.<\/p>\n<p>&#8211; Vir\u0161uje saugiai u\u017esitraukia ir u\u017esifiksuoja dvigubas \u0161ni\u016brelis.<\/p>\n<p>&#8211; Krep\u0161io i\u0161matavimai: auk\u0161tis &#8211; 48 cm., plotis &#8211; 52 cm.<\/p>\n<p>&#8211; Pasi\u016btas i\u0161 patvaraus ir impregnuoto audinio. Sud\u0117tis:\u00a0 90%\u00a0 medviln\u0117, 10%\u00a0 poliesteris.<\/p>\n<\/div>\n<\/div>\n<\/div>\n","protected":false},"excerpt":{"rendered":"<p>&#8211; Talpus ir ergonomi\u0161kas krep\u0161ys su i\u0161orin\u0117mis bei vidin\u0117mis ki\u0161en\u0117mis.- Vir\u0161uje saugiai u\u017esitraukia ir u\u017esifiksuoja dvigubas \u0161ni\u016brelis.- Krep\u0161io i\u0161matavimai: auk\u0161tis &#8211; 48 cm., plotis &#8211; 52 cm.- Pasi\u016btas i\u0161 patvaraus ir impregnuoto audinio.<\/p>\n","protected":false},"featured_media":437,"comment_status":"open","ping_status":"closed","template":"","meta":{"_monsterinsights_skip_tracking":false,"_monsterinsights_sitenote_active":false,"_monsterinsights_sitenote_note":"","_monsterinsights_sitenote_category":0},"product_cat":[26],"product_tag":[],"jetpack_sharing_enabled":true,"_links":{"self":[{"href":"https:\/\/mot-yvas.lt\/index.php\/wp-json\/wp\/v2\/product\/436"}],"collection":[{"href":"https:\/\/mot-yvas.lt\/index.php\/wp-json\/wp\/v2\/product"}],"about":[{"href":"https:\/\/mot-yvas.lt\/index.php\/wp-json\/wp\/v2\/types\/product"}],"replies":[{"embeddable":true,"href":"https:\/\/mot-yvas.lt\/index.php\/wp-json\/wp\/v2\/comments?post=436"}],"wp:featuredmedia":[{"embeddable":true,"href":"https:\/\/mot-yvas.lt\/index.php\/wp-json\/wp\/v2\/media\/437"}],"wp:attachment":[{"href":"https:\/\/mot-yvas.lt\/index.php\/wp-json\/wp\/v2\/media?parent=436"}],"wp:term":[{"taxonomy":"product_cat","embeddable":true,"href":"https:\/\/mot-yvas.lt\/index.php\/wp-json\/wp\/v2\/product_cat?post=436"},{"taxonomy":"product_tag","embeddable":true,"href":"https:\/\/mot-yvas.lt\/index.php\/wp-json\/wp\/v2\/product_tag?post=436"}],"curies":[{"name":"wp","href":"https:\/\/api.w.org\/{rel}","templated":true}]}}