{"id":432,"date":"2022-02-10T18:53:37","date_gmt":"2022-02-10T18:53:37","guid":{"rendered":"https:\/\/mot-yvas.lt\/?post_type=product&#038;p=432"},"modified":"2022-02-10T18:53:37","modified_gmt":"2022-02-10T18:53:37","slug":"lininiai-marskiniai-bute","status":"publish","type":"product","link":"https:\/\/mot-yvas.lt\/index.php\/product\/lininiai-marskiniai-bute\/","title":{"rendered":"Lininiai mar\u0161kiniai \u201eBut\u0117\u201c"},"content":{"rendered":"<p><em>&#8211; <\/em><em>Oversized<\/em> \u00a0tipo mar\u0161kiniai, juodos spalvos;<\/p>\n<p>&#8211; Tinka vilk\u0117ti ne\u0161iojantiems \u00a0nuo\u00a0 S iki XL dyd\u017eio;<\/p>\n<p>&#8211; \u0160onin\u0117se si\u016bl\u0117se yra papildomos ki\u0161en\u0117s;<\/p>\n<p>Audinys yra mink\u0161tintas, ma\u017eiau glam\u017eosi, nepraranda formos ir nesitraukia.<\/p>\n<p>Rekomenduojame skalbti 30 \u00b0C temperat\u016broje<\/p>\n<p>Modelis nuotraukoje yra 1,75 m. \u016bgio ir vilki M dyd\u017eio suknel\u0119.<\/p>\n<p>Sud\u0117tis: 100% linas, kuris atitinka Oeko-Tex standart\u0105 ir neturi kenksming\u0173 med\u017eiag\u0173.<\/p>\n<p>Produktas yra tvarus.<\/p>\n","protected":false},"excerpt":{"rendered":"<p><em>&#8211; <\/em><em>Oversized<\/em> \u00a0tipo mar\u0161kiniai, juodos spalvos;<\/p>\n<p>&#8211; Tinka vilk\u0117ti ne\u0161iojantiems \u00a0nuo\u00a0 S iki XL dyd\u017eio;<\/p>\n<p>&#8211; \u0160onin\u0117se si\u016bl\u0117se yra papildomos ki\u0161en\u0117s;<\/p>\n","protected":false},"featured_media":434,"comment_status":"open","ping_status":"closed","template":"","meta":{"_monsterinsights_skip_tracking":false,"_monsterinsights_sitenote_active":false,"_monsterinsights_sitenote_note":"","_monsterinsights_sitenote_category":0},"product_cat":[22],"product_tag":[],"jetpack_sharing_enabled":true,"_links":{"self":[{"href":"https:\/\/mot-yvas.lt\/index.php\/wp-json\/wp\/v2\/product\/432"}],"collection":[{"href":"https:\/\/mot-yvas.lt\/index.php\/wp-json\/wp\/v2\/product"}],"about":[{"href":"https:\/\/mot-yvas.lt\/index.php\/wp-json\/wp\/v2\/types\/product"}],"replies":[{"embeddable":true,"href":"https:\/\/mot-yvas.lt\/index.php\/wp-json\/wp\/v2\/comments?post=432"}],"wp:featuredmedia":[{"embeddable":true,"href":"https:\/\/mot-yvas.lt\/index.php\/wp-json\/wp\/v2\/media\/434"}],"wp:attachment":[{"href":"https:\/\/mot-yvas.lt\/index.php\/wp-json\/wp\/v2\/media?parent=432"}],"wp:term":[{"taxonomy":"product_cat","embeddable":true,"href":"https:\/\/mot-yvas.lt\/index.php\/wp-json\/wp\/v2\/product_cat?post=432"},{"taxonomy":"product_tag","embeddable":true,"href":"https:\/\/mot-yvas.lt\/index.php\/wp-json\/wp\/v2\/product_tag?post=432"}],"curies":[{"name":"wp","href":"https:\/\/api.w.org\/{rel}","templated":true}]}}