{"id":401,"date":"2021-07-25T16:37:52","date_gmt":"2021-07-25T16:37:52","guid":{"rendered":"https:\/\/mot-yvas.lt\/?post_type=product&#038;p=401"},"modified":"2022-03-02T03:41:59","modified_gmt":"2022-03-02T03:41:59","slug":"linine-suknele-medeina","status":"publish","type":"product","link":"https:\/\/mot-yvas.lt\/index.php\/product\/linine-suknele-medeina\/","title":{"rendered":"linin\u0117 suknel\u0117 \u201emedeina\u201c"},"content":{"rendered":"<p style=\"font-weight: 400;\">Ilga suknel\u0117 su i\u0161siuvin\u0117tu senov\u0117s balt\u0173 eglut\u0117s simboliu.<\/p>\n<p style=\"font-weight: 400;\">\u2013\u00a0Nat\u016bralios lino spalvos su melsvais dry\u017eeliais;<\/p>\n<p style=\"font-weight: 400;\">\u2013\u00a0Ovalo formos kaklo i\u0161kirpt\u0117;<\/p>\n<p style=\"font-weight: 400;\">\u2013\u00a0Ilgas skeltukas kairiajame \u0161one;<\/p>\n<p style=\"font-weight: 400;\">\u2013 \u0160onuose \u012fleistos ki\u0161en\u0117s.<\/p>\n<p style=\"font-weight: 400;\">Audinys yra mink\u0161tintas, ma\u017eiau glam\u017eosi, nepraranda formos ir nesitraukia.<\/p>\n<p style=\"font-weight: 400;\">Rekomenduojame skalbti 30 \u00b0C temperat\u016broje<\/p>\n<p style=\"font-weight: 400;\">Modelis nuotraukoje yra 1,75 m. \u016bgio ir vilki S dyd\u017eio suknel\u0119.<\/p>\n<p style=\"font-weight: 400;\">Sud\u0117tis: 100% linas, kuris atitinka Oeko-Tex standart\u0105 ir neturi kenksming\u0173 med\u017eiag\u0173.<\/p>\n<p style=\"font-weight: 400;\">Produktas yra tvarus.<\/p>\n","protected":false},"excerpt":{"rendered":"<p>Ilga suknel\u0117 su i\u0161siuvin\u0117tu senov\u0117s balt\u0173 eglut\u0117s simboliu.<\/p>\n<p style=\"font-weight: 400;\">Modelis nuotraukoje yra 1,75 m. \u016bgio ir vilki S dyd\u017eio suknel\u0119.<\/p>\n<p style=\"font-weight: 400;\">Sud\u0117tis: 100% linas, kuris atitinka Oeko-Tex standart\u0105 ir neturi kenksming\u0173 med\u017eiag\u0173.<\/p>\n","protected":false},"featured_media":389,"comment_status":"open","ping_status":"closed","template":"","meta":{"_monsterinsights_skip_tracking":false,"_monsterinsights_sitenote_active":false,"_monsterinsights_sitenote_note":"","_monsterinsights_sitenote_category":0},"product_cat":[22],"product_tag":[],"jetpack_sharing_enabled":true,"_links":{"self":[{"href":"https:\/\/mot-yvas.lt\/index.php\/wp-json\/wp\/v2\/product\/401"}],"collection":[{"href":"https:\/\/mot-yvas.lt\/index.php\/wp-json\/wp\/v2\/product"}],"about":[{"href":"https:\/\/mot-yvas.lt\/index.php\/wp-json\/wp\/v2\/types\/product"}],"replies":[{"embeddable":true,"href":"https:\/\/mot-yvas.lt\/index.php\/wp-json\/wp\/v2\/comments?post=401"}],"wp:featuredmedia":[{"embeddable":true,"href":"https:\/\/mot-yvas.lt\/index.php\/wp-json\/wp\/v2\/media\/389"}],"wp:attachment":[{"href":"https:\/\/mot-yvas.lt\/index.php\/wp-json\/wp\/v2\/media?parent=401"}],"wp:term":[{"taxonomy":"product_cat","embeddable":true,"href":"https:\/\/mot-yvas.lt\/index.php\/wp-json\/wp\/v2\/product_cat?post=401"},{"taxonomy":"product_tag","embeddable":true,"href":"https:\/\/mot-yvas.lt\/index.php\/wp-json\/wp\/v2\/product_tag?post=401"}],"curies":[{"name":"wp","href":"https:\/\/api.w.org\/{rel}","templated":true}]}}