{"id":384,"date":"2021-07-25T16:16:16","date_gmt":"2021-07-25T16:16:16","guid":{"rendered":"https:\/\/mot-yvas.lt\/?post_type=product&#038;p=384"},"modified":"2022-03-02T03:41:59","modified_gmt":"2022-03-02T03:41:59","slug":"linine-suknele-ragaine","status":"publish","type":"product","link":"https:\/\/mot-yvas.lt\/index.php\/product\/linine-suknele-ragaine\/","title":{"rendered":"linin\u0117 suknel\u0117 \u201eragain\u0117\u201c"},"content":{"rendered":"<p>Tamsiai m\u0117lynos\u00a0(d\u017einsin\u0117s) spalvos suknel\u0117 su i\u0161siuvin\u0117tu senov\u0117s balt\u0173 simboliu \u2013 eglute.<\/p>\n<p>\u2013 Laisvai krentan\u010dio silueto, <em>oversized<\/em>\u00a0modelis;<\/p>\n<p>\u2013 Suknel\u0117s priekyje dvi klost\u0117s;<\/p>\n<p>\u2013\u00a0Asimetri\u0161ka apa\u010dios linija,kairys \u0161onas ilgesnis;<\/p>\n<p>\u2013\u00a0Ovali kaklo linija;<\/p>\n<p>\u2013 \u0160onuose \u012fleistos ki\u0161en\u0117s.<\/p>\n<p>Audinys yra mink\u0161tintas, ma\u017eiau glam\u017eosi, nepraranda formos ir nesitraukia.<\/p>\n<p>Rekomenduojame skalbti 30 \u00b0C temperat\u016broje<\/p>\n<p>Modelis nuotraukoje yra 1,75 m. \u016bgio ir vilki L dyd\u017eio suknel\u0119.<\/p>\n<p>Sud\u0117tis: 100% linas, kuris atitinka Oeko-Tex standart\u0105 ir neturi kenksming\u0173 med\u017eiag\u0173.<\/p>\n<p>Produktas yra tvarus.<\/p>\n","protected":false},"excerpt":{"rendered":"<p>Tamsiai m\u0117lynos\u00a0(d\u017einsin\u0117s) spalvos suknel\u0117 su i\u0161siuvin\u0117tu senov\u0117s balt\u0173 simboliu \u2013 eglute.<\/p>\n<p>Modelis nuotraukoje yra 1,75 m. \u016bgio ir vilki L dyd\u017eio suknel\u0119.<\/p>\n<p>Sud\u0117tis: 100% linas, kuris atitinka Oeko-Tex standart\u0105 ir neturi kenksming\u0173 med\u017eiag\u0173.<\/p>\n","protected":false},"featured_media":391,"comment_status":"open","ping_status":"closed","template":"","meta":{"_monsterinsights_skip_tracking":false,"_monsterinsights_sitenote_active":false,"_monsterinsights_sitenote_note":"","_monsterinsights_sitenote_category":0},"product_cat":[22],"product_tag":[],"jetpack_sharing_enabled":true,"_links":{"self":[{"href":"https:\/\/mot-yvas.lt\/index.php\/wp-json\/wp\/v2\/product\/384"}],"collection":[{"href":"https:\/\/mot-yvas.lt\/index.php\/wp-json\/wp\/v2\/product"}],"about":[{"href":"https:\/\/mot-yvas.lt\/index.php\/wp-json\/wp\/v2\/types\/product"}],"replies":[{"embeddable":true,"href":"https:\/\/mot-yvas.lt\/index.php\/wp-json\/wp\/v2\/comments?post=384"}],"wp:featuredmedia":[{"embeddable":true,"href":"https:\/\/mot-yvas.lt\/index.php\/wp-json\/wp\/v2\/media\/391"}],"wp:attachment":[{"href":"https:\/\/mot-yvas.lt\/index.php\/wp-json\/wp\/v2\/media?parent=384"}],"wp:term":[{"taxonomy":"product_cat","embeddable":true,"href":"https:\/\/mot-yvas.lt\/index.php\/wp-json\/wp\/v2\/product_cat?post=384"},{"taxonomy":"product_tag","embeddable":true,"href":"https:\/\/mot-yvas.lt\/index.php\/wp-json\/wp\/v2\/product_tag?post=384"}],"curies":[{"name":"wp","href":"https:\/\/api.w.org\/{rel}","templated":true}]}}