{"id":375,"date":"2021-07-25T09:50:06","date_gmt":"2021-07-25T09:50:06","guid":{"rendered":"https:\/\/mot-yvas.lt\/?post_type=product&#038;p=375"},"modified":"2022-03-02T03:41:59","modified_gmt":"2022-03-02T03:41:59","slug":"linine-suknele-upa","status":"publish","type":"product","link":"https:\/\/mot-yvas.lt\/index.php\/product\/linine-suknele-upa\/","title":{"rendered":"linin\u0117 suknel\u0117 \u201eupa\u201c"},"content":{"rendered":"<p>Ilga tamsiai m\u0117lynos (d\u017einsin\u0117s) spalvos suknel\u0117.<\/p>\n<p>\u2013 Originalios, asimetri\u0161kos priekio detal\u0117s;<\/p>\n<p>\u2013 Trikampio formos kaklo linija;<\/p>\n<p>\u2013 Suknel\u0117s priekyje gilios ki\u0161en\u0117s;<\/p>\n<p>\u2013 Ilgas skeltukas kairiajame \u0161one;<\/p>\n<p>\u2013 Galima ne\u0161ioti ir be dir\u017eo.<\/p>\n<p>Audinys yra mink\u0161tintas, ma\u017eiau glam\u017eosi, nepraranda formos ir nesitraukia.<\/p>\n<p>Rekomenduojame skalbti 30 \u00b0C temperat\u016broje<\/p>\n<p>Modelis nuotraukoje yra 1,75 m. \u016bgio ir vilki S dyd\u017eio suknel\u0119.<\/p>\n<p>Sud\u0117tis: 100% linas, kuris atitinka Oeko-Tex standart\u0105 ir neturi kenksming\u0173 med\u017eiag\u0173.<\/p>\n<p>Produktas yra tvarus.<\/p>\n","protected":false},"excerpt":{"rendered":"<p>Ilga tamsiai m\u0117lynos (d\u017einsin\u0117s) spalvos suknel\u0117.<\/p>\n<p>Modelis nuotraukoje yra 1,75 m. \u016bgio ir vilki S dyd\u017eio suknel\u0119.<\/p>\n<p>Sud\u0117tis: 100% linas, kuris atitinka Oeko-Tex standart\u0105 ir neturi kenksming\u0173 med\u017eiag\u0173.<\/p>\n","protected":false},"featured_media":380,"comment_status":"open","ping_status":"closed","template":"","meta":{"_monsterinsights_skip_tracking":false,"_monsterinsights_sitenote_active":false,"_monsterinsights_sitenote_note":"","_monsterinsights_sitenote_category":0},"product_cat":[22],"product_tag":[],"jetpack_sharing_enabled":true,"_links":{"self":[{"href":"https:\/\/mot-yvas.lt\/index.php\/wp-json\/wp\/v2\/product\/375"}],"collection":[{"href":"https:\/\/mot-yvas.lt\/index.php\/wp-json\/wp\/v2\/product"}],"about":[{"href":"https:\/\/mot-yvas.lt\/index.php\/wp-json\/wp\/v2\/types\/product"}],"replies":[{"embeddable":true,"href":"https:\/\/mot-yvas.lt\/index.php\/wp-json\/wp\/v2\/comments?post=375"}],"wp:featuredmedia":[{"embeddable":true,"href":"https:\/\/mot-yvas.lt\/index.php\/wp-json\/wp\/v2\/media\/380"}],"wp:attachment":[{"href":"https:\/\/mot-yvas.lt\/index.php\/wp-json\/wp\/v2\/media?parent=375"}],"wp:term":[{"taxonomy":"product_cat","embeddable":true,"href":"https:\/\/mot-yvas.lt\/index.php\/wp-json\/wp\/v2\/product_cat?post=375"},{"taxonomy":"product_tag","embeddable":true,"href":"https:\/\/mot-yvas.lt\/index.php\/wp-json\/wp\/v2\/product_tag?post=375"}],"curies":[{"name":"wp","href":"https:\/\/api.w.org\/{rel}","templated":true}]}}