{"id":368,"date":"2021-07-25T09:27:55","date_gmt":"2021-07-25T09:27:55","guid":{"rendered":"https:\/\/mot-yvas.lt\/?post_type=product&#038;p=368"},"modified":"2022-03-02T03:41:59","modified_gmt":"2022-03-02T03:41:59","slug":"linine-suknele-vaivora","status":"publish","type":"product","link":"https:\/\/mot-yvas.lt\/index.php\/product\/linine-suknele-vaivora\/","title":{"rendered":"linin\u0117 suknel\u0117 \u201evaivora\u201c"},"content":{"rendered":"<p>Nat\u016bralios lino spalvos pusilg\u0117 suknel\u0117 su i\u0161siuvin\u0117tu senov\u0117s balt\u0173 simboliu, vaizduojan\u010diu \u017eal\u010di\u0173 ir saul\u0117s raizgin\u012f.<\/p>\n<p>\u2013 Laisvo silueto modelis;<\/p>\n<p>\u2013 Nuleista pe\u010di\u0173 linija;<\/p>\n<p>\u2013\u00a0Talija lengvai fiksuojama \u012fveriamu dir\u017eu;<\/p>\n<p>\u2013 Laivelio formos kaklo linija;<\/p>\n<p>\u2013 Ki\u0161en\u0117s \u0161onin\u0117se si\u016bl\u0117se.<\/p>\n<p>Audinys yra mink\u0161tintas, ma\u017eiau glam\u017eosi, nepraranda formos ir nesitraukia.<\/p>\n<p>Rekomenduojame skalbti 30 \u00b0C temperat\u016broje<\/p>\n<p>Modelis nuotraukoje yra 1,75 m. \u016bgio ir vilki M dyd\u017eio suknel\u0119.<\/p>\n<p>Sud\u0117tis: 100% linas, kuris atitinka Oeko-Tex standart\u0105 ir neturi kenksming\u0173 med\u017eiag\u0173.<\/p>\n<p>Produktas yra tvarus.<\/p>\n","protected":false},"excerpt":{"rendered":"<p>Nat\u016bralios lino spalvos pusilg\u0117 suknel\u0117 su i\u0161siuvin\u0117tu senov\u0117s balt\u0173 simboliu, vaizduojan\u010diu \u017eal\u010di\u0173 ir saul\u0117s raizgin\u012f.<\/p>\n<p>Modelis nuotraukoje yra 1,75 m. \u016bgio ir vilki M dyd\u017eio suknel\u0119.<\/p>\n<p>Sud\u0117tis: 100% linas, kuris atitinka Oeko-Tex standart\u0105 ir neturi kenksming\u0173 med\u017eiag\u0173.<\/p>\n","protected":false},"featured_media":371,"comment_status":"open","ping_status":"closed","template":"","meta":{"_monsterinsights_skip_tracking":false,"_monsterinsights_sitenote_active":false,"_monsterinsights_sitenote_note":"","_monsterinsights_sitenote_category":0},"product_cat":[22],"product_tag":[],"jetpack_sharing_enabled":true,"_links":{"self":[{"href":"https:\/\/mot-yvas.lt\/index.php\/wp-json\/wp\/v2\/product\/368"}],"collection":[{"href":"https:\/\/mot-yvas.lt\/index.php\/wp-json\/wp\/v2\/product"}],"about":[{"href":"https:\/\/mot-yvas.lt\/index.php\/wp-json\/wp\/v2\/types\/product"}],"replies":[{"embeddable":true,"href":"https:\/\/mot-yvas.lt\/index.php\/wp-json\/wp\/v2\/comments?post=368"}],"wp:featuredmedia":[{"embeddable":true,"href":"https:\/\/mot-yvas.lt\/index.php\/wp-json\/wp\/v2\/media\/371"}],"wp:attachment":[{"href":"https:\/\/mot-yvas.lt\/index.php\/wp-json\/wp\/v2\/media?parent=368"}],"wp:term":[{"taxonomy":"product_cat","embeddable":true,"href":"https:\/\/mot-yvas.lt\/index.php\/wp-json\/wp\/v2\/product_cat?post=368"},{"taxonomy":"product_tag","embeddable":true,"href":"https:\/\/mot-yvas.lt\/index.php\/wp-json\/wp\/v2\/product_tag?post=368"}],"curies":[{"name":"wp","href":"https:\/\/api.w.org\/{rel}","templated":true}]}}