{"id":347,"date":"2021-07-24T14:31:49","date_gmt":"2021-07-24T14:31:49","guid":{"rendered":"https:\/\/mot-yvas.lt\/?post_type=product&#038;p=347"},"modified":"2022-03-02T03:41:59","modified_gmt":"2022-03-02T03:41:59","slug":"linine-suknele-nija","status":"publish","type":"product","link":"https:\/\/mot-yvas.lt\/index.php\/product\/linine-suknele-nija\/","title":{"rendered":"linin\u0117 suknel\u0117 \u201enija\u201c"},"content":{"rendered":"<p>Ilga pilk\u0161vai rusvos spalvos suknel\u0117 su dir\u017eu.<\/p>\n<p style=\"font-weight: 400;\">&#8211; Laisvo silueto, <em>oversized<\/em> modelis;<\/p>\n<p style=\"font-weight: 400;\">&#8211; Priekis daugiasluoksnis, yra u\u017esl\u0117ptas skeltukas;<\/p>\n<p style=\"font-weight: 400;\">&#8211; Abiejuose \u0161onuose taip pat yra skeltukai;<\/p>\n<p style=\"font-weight: 400;\">&#8211; Trikamp\u0117 kaklo linija;<\/p>\n<p style=\"font-weight: 400;\">&#8211; \u0160onuose \u012fleistos ki\u0161en\u0117s;<\/p>\n<p style=\"font-weight: 400;\">&#8211; Galima ne\u0161ioti su dir\u017eu ir be jo.<\/p>\n<p style=\"font-weight: 400;\">Audinys yra mink\u0161tintas,ma\u017eiau glam\u017eosi,nepraranda formos ir nesitraukia.<\/p>\n<p style=\"font-weight: 400;\">Rekomenduojame skalbti 30 \u00b0C temperat\u016broje<\/p>\n<p style=\"font-weight: 400;\">Modelis nuotraukoje yra 1,75 m. \u016bgio ir vilki L dyd\u017eio suknel\u0119.<\/p>\n<p style=\"font-weight: 400;\">Sud\u0117tis: 100% linas, kuris atitinka Oeko-Tex standart\u0105 ir neturi kenksming\u0173 med\u017eiag\u0173.<\/p>\n<p style=\"font-weight: 400;\">Produktas yra tvarus.<\/p>\n","protected":false},"excerpt":{"rendered":"<p>Ilga pilk\u0161vai rusvos spalvos suknel\u0117 su dir\u017eu.<\/p>\n<p>Modelis nuotraukoje yra 1,75 m. \u016bgio ir vilki M dyd\u017eio suknel\u0119.<\/p>\n<p>Sud\u0117tis: 100% linas, kuris atitinka Oeko-Tex standart\u0105 ir neturi kenksming\u0173 med\u017eiag\u0173.<\/p>\n","protected":false},"featured_media":355,"comment_status":"open","ping_status":"closed","template":"","meta":{"_monsterinsights_skip_tracking":false,"_monsterinsights_sitenote_active":false,"_monsterinsights_sitenote_note":"","_monsterinsights_sitenote_category":0},"product_cat":[22],"product_tag":[],"jetpack_sharing_enabled":true,"_links":{"self":[{"href":"https:\/\/mot-yvas.lt\/index.php\/wp-json\/wp\/v2\/product\/347"}],"collection":[{"href":"https:\/\/mot-yvas.lt\/index.php\/wp-json\/wp\/v2\/product"}],"about":[{"href":"https:\/\/mot-yvas.lt\/index.php\/wp-json\/wp\/v2\/types\/product"}],"replies":[{"embeddable":true,"href":"https:\/\/mot-yvas.lt\/index.php\/wp-json\/wp\/v2\/comments?post=347"}],"wp:featuredmedia":[{"embeddable":true,"href":"https:\/\/mot-yvas.lt\/index.php\/wp-json\/wp\/v2\/media\/355"}],"wp:attachment":[{"href":"https:\/\/mot-yvas.lt\/index.php\/wp-json\/wp\/v2\/media?parent=347"}],"wp:term":[{"taxonomy":"product_cat","embeddable":true,"href":"https:\/\/mot-yvas.lt\/index.php\/wp-json\/wp\/v2\/product_cat?post=347"},{"taxonomy":"product_tag","embeddable":true,"href":"https:\/\/mot-yvas.lt\/index.php\/wp-json\/wp\/v2\/product_tag?post=347"}],"curies":[{"name":"wp","href":"https:\/\/api.w.org\/{rel}","templated":true}]}}