{"id":340,"date":"2021-07-24T13:59:56","date_gmt":"2021-07-24T13:59:56","guid":{"rendered":"https:\/\/mot-yvas.lt\/?post_type=product&#038;p=340"},"modified":"2022-03-02T03:41:59","modified_gmt":"2022-03-02T03:41:59","slug":"moheros-megztinis-uoksas","status":"publish","type":"product","link":"https:\/\/mot-yvas.lt\/index.php\/product\/moheros-megztinis-uoksas\/","title":{"rendered":"moheros megztinis \u201euoksas\u201c"},"content":{"rendered":"<p>\u0160okoladinio atspalvio megztinis.<\/p>\n<p>Megztas lygiu ra\u0161tu, su asimetri\u0161ka trikampio formos apa\u010dia.<\/p>\n<p>\u2013 Toks siluetas nedalo k\u016bno proporcij\u0173;<\/p>\n<p>\u2013 Megztinis yra ilgas, ta\u010diau neu\u017edengia apatin\u0117s dalies drabu\u017ei\u0173, kurie taip pat gali b\u016bti laisvi ir matomi.<\/p>\n<p>\u2013 Skalbti rankomis su vilnai skirta priemone 30 laipsni\u0173 temperat\u016broje.<\/p>\n<p>\u2013 D\u017eiovinti patiesus ant rank\u0161luos\u010dio.<\/p>\n<p>Modelis nuotraukoje yra 1,75 \u016bgio ir d\u0117vi M dyd\u017eio megztin\u012f.<\/p>\n<p>Sud\u0117tis: 70% mohera, 30% poliamidas.<\/p>\n","protected":false},"excerpt":{"rendered":"<p>\u0160okoladinio atspalvio moheros megztinis.<\/p>\n<p>Sud\u0117tis: 70% mohera, 30% poliamidas.<\/p>\n","protected":false},"featured_media":343,"comment_status":"open","ping_status":"closed","template":"","meta":{"_monsterinsights_skip_tracking":false,"_monsterinsights_sitenote_active":false,"_monsterinsights_sitenote_note":"","_monsterinsights_sitenote_category":0},"product_cat":[23],"product_tag":[],"jetpack_sharing_enabled":true,"_links":{"self":[{"href":"https:\/\/mot-yvas.lt\/index.php\/wp-json\/wp\/v2\/product\/340"}],"collection":[{"href":"https:\/\/mot-yvas.lt\/index.php\/wp-json\/wp\/v2\/product"}],"about":[{"href":"https:\/\/mot-yvas.lt\/index.php\/wp-json\/wp\/v2\/types\/product"}],"replies":[{"embeddable":true,"href":"https:\/\/mot-yvas.lt\/index.php\/wp-json\/wp\/v2\/comments?post=340"}],"wp:featuredmedia":[{"embeddable":true,"href":"https:\/\/mot-yvas.lt\/index.php\/wp-json\/wp\/v2\/media\/343"}],"wp:attachment":[{"href":"https:\/\/mot-yvas.lt\/index.php\/wp-json\/wp\/v2\/media?parent=340"}],"wp:term":[{"taxonomy":"product_cat","embeddable":true,"href":"https:\/\/mot-yvas.lt\/index.php\/wp-json\/wp\/v2\/product_cat?post=340"},{"taxonomy":"product_tag","embeddable":true,"href":"https:\/\/mot-yvas.lt\/index.php\/wp-json\/wp\/v2\/product_tag?post=340"}],"curies":[{"name":"wp","href":"https:\/\/api.w.org\/{rel}","templated":true}]}}