{"id":216,"date":"2021-06-17T10:38:17","date_gmt":"2021-06-17T10:38:17","guid":{"rendered":"https:\/\/mot-yvas.lt\/?post_type=product&#038;p=216"},"modified":"2022-03-02T03:41:59","modified_gmt":"2022-03-02T03:41:59","slug":"linine-suknele-vaisgamta","status":"publish","type":"product","link":"https:\/\/mot-yvas.lt\/index.php\/product\/linine-suknele-vaisgamta\/","title":{"rendered":"linin\u0117 suknel\u0117 \u201evaisgamta\u201c"},"content":{"rendered":"<p>Ilga nat\u016bralios lino spalvos suknel\u0117 su dir\u017eu.<\/p>\n<p>-Su form\u0105 palaikan\u010diomis antpe\u010di\u0173 ir rankovi\u0173 detal\u0117mis;<\/p>\n<p>-\u017dymiai pa\u017eeminta pe\u010di\u0173 linija;<\/p>\n<p>-Tik priekyje raukta apatin\u0117 suknel\u0117s dalis;<\/p>\n<p>&#8211; \u0160onuose \u012fleistos ki\u0161en\u0117s;<\/p>\n<p>&#8211; Galima ne\u0161ioti ir be dir\u017eo;<\/p>\n<p>Audinys yra mink\u0161tintas,ma\u017eiau glam\u017eosi,nepraranda formos ir nesitraukia.<\/p>\n<p>Rekomenduojame skalbti 30 \u00b0C temperat\u016broje<\/p>\n<p>Modelis nuotraukoje yra 1,75 m. \u016bgio ir vilki S dyd\u017eio suknel\u0119.<\/p>\n<p>Sud\u0117tis: 100% linas, kuris atitinka Oeko-Tex standart\u0105 ir neturi kenksming\u0173 med\u017eiag\u0173.<\/p>\n<p>&nbsp;<\/p>\n<p>Produktas yra tvarus.<\/p>\n","protected":false},"excerpt":{"rendered":"<p>Ilga nat\u016bralios lino spalvos suknel\u0117 su dir\u017eu.<\/p>\n<p>Modelis nuotraukoje yra 1,75 m. \u016bgio ir vilki S dyd\u017eio suknel\u0119.<\/p>\n<p>Sud\u0117tis: 100% linas, kuris atitinka Oeko-Tex standart\u0105 ir neturi kenksming\u0173 med\u017eiag\u0173.<\/p>\n<p>&nbsp;<\/p>\n<p>Produktas yra tvarus.<\/p>\n","protected":false},"featured_media":229,"comment_status":"open","ping_status":"closed","template":"","meta":{"_monsterinsights_skip_tracking":false,"_monsterinsights_sitenote_active":false,"_monsterinsights_sitenote_note":"","_monsterinsights_sitenote_category":0},"product_cat":[22],"product_tag":[],"jetpack_sharing_enabled":true,"_links":{"self":[{"href":"https:\/\/mot-yvas.lt\/index.php\/wp-json\/wp\/v2\/product\/216"}],"collection":[{"href":"https:\/\/mot-yvas.lt\/index.php\/wp-json\/wp\/v2\/product"}],"about":[{"href":"https:\/\/mot-yvas.lt\/index.php\/wp-json\/wp\/v2\/types\/product"}],"replies":[{"embeddable":true,"href":"https:\/\/mot-yvas.lt\/index.php\/wp-json\/wp\/v2\/comments?post=216"}],"wp:featuredmedia":[{"embeddable":true,"href":"https:\/\/mot-yvas.lt\/index.php\/wp-json\/wp\/v2\/media\/229"}],"wp:attachment":[{"href":"https:\/\/mot-yvas.lt\/index.php\/wp-json\/wp\/v2\/media?parent=216"}],"wp:term":[{"taxonomy":"product_cat","embeddable":true,"href":"https:\/\/mot-yvas.lt\/index.php\/wp-json\/wp\/v2\/product_cat?post=216"},{"taxonomy":"product_tag","embeddable":true,"href":"https:\/\/mot-yvas.lt\/index.php\/wp-json\/wp\/v2\/product_tag?post=216"}],"curies":[{"name":"wp","href":"https:\/\/api.w.org\/{rel}","templated":true}]}}