{"id":59,"date":"2020-06-09T19:04:19","date_gmt":"2020-06-09T19:04:19","guid":{"rendered":"https:\/\/mot-yvas.lt\/index.php\/homepage\/"},"modified":"2021-07-28T16:00:37","modified_gmt":"2021-07-28T16:00:37","slug":"homepage","status":"publish","type":"page","link":"https:\/\/mot-yvas.lt\/","title":{"rendered":"prad\u017eia"},"content":{"rendered":"\t\t<div data-elementor-type=\"wp-page\" data-elementor-id=\"59\" class=\"elementor elementor-59\">\n\t\t\t\t\t\t<section class=\"elementor-section elementor-top-section elementor-element elementor-element-1a738976 elementor-section-boxed elementor-section-height-default elementor-section-height-default\" data-id=\"1a738976\" data-element_type=\"section\">\n\t\t\t\t\t\t<div class=\"elementor-container elementor-column-gap-default\">\n\t\t\t\t\t<div class=\"elementor-column elementor-col-100 elementor-top-column elementor-element elementor-element-3c9772da\" data-id=\"3c9772da\" data-element_type=\"column\">\n\t\t\t<div class=\"elementor-widget-wrap elementor-element-populated\">\n\t\t\t\t\t\t<div class=\"elementor-element elementor-element-6d94ae52 elementor-widget elementor-widget-text-editor\" data-id=\"6d94ae52\" data-element_type=\"widget\" data-widget_type=\"text-editor.default\">\n\t\t\t\t<div class=\"elementor-widget-container\">\n\t\t\t\t\t\t\t<h6><!-- wp:cover {\"url\":\"https:\/\/mot-yvas.lt\/wp-content\/uploads\/2021\/07\/MOT-scaled.jpg\",\"id\":63,\"focalPoint\":{\"x\":\"0.02\",\"y\":\"0.46\"}} --><\/h6>\n<div class=\"wp-block-cover has-background-dim\" style=\"background-image: url('https:\/\/mot-yvas.lt\/wp-content\/uploads\/2021\/07\/MOT-scaled.jpg'); background-position: 2% 46%;\">\n<div class=\"wp-block-cover__inner-container\">\n<h5 class=\"has-text-align-center has-large-font-size\"><span style=\"color: #ffffff;\">Tvari mada J\u016bs\u0173 kasdienybei<\/span><\/h5>\n<h5 class=\"has-text-align-center has-large-font-size\">\u00a0<span style=\"color: #ffffff;\"><a class=\"wp-block-button__link\" style=\"color: #ffffff;\" href=\"https:\/\/mot-yvas.lt\/index.php\/shop\/\">\u017ei\u016br\u0117ti<\/a><\/span><\/h5>\n<\/div>\n<\/div>\n<p style=\"padding-left: 40px;\">\u00a0<\/p>\n<div class=\"wp-block-media-text alignwide has-media-on-the-right is-stacked-on-mobile is-vertically-aligned-center\">\n<figure><\/figure>\n<figure><\/figure>\n<figure class=\"wp-block-media-text__media\"><img fetchpriority=\"high\" decoding=\"async\" class=\"aligncenter size-full wp-image-319\" src=\"https:\/\/mot-yvas.lt\/wp-content\/uploads\/2021\/07\/logo2-scaled.jpg\" alt=\"\" width=\"2560\" height=\"2057\" srcset=\"https:\/\/mot-yvas.lt\/wp-content\/uploads\/2021\/07\/logo2-scaled.jpg 2560w, https:\/\/mot-yvas.lt\/wp-content\/uploads\/2021\/07\/logo2-300x241.jpg 300w, https:\/\/mot-yvas.lt\/wp-content\/uploads\/2021\/07\/logo2-1024x823.jpg 1024w, https:\/\/mot-yvas.lt\/wp-content\/uploads\/2021\/07\/logo2-768x617.jpg 768w, https:\/\/mot-yvas.lt\/wp-content\/uploads\/2021\/07\/logo2-1536x1234.jpg 1536w, https:\/\/mot-yvas.lt\/wp-content\/uploads\/2021\/07\/logo2-2048x1645.jpg 2048w, https:\/\/mot-yvas.lt\/wp-content\/uploads\/2021\/07\/logo2-24x19.jpg 24w, https:\/\/mot-yvas.lt\/wp-content\/uploads\/2021\/07\/logo2-36x29.jpg 36w, https:\/\/mot-yvas.lt\/wp-content\/uploads\/2021\/07\/logo2-48x39.jpg 48w, https:\/\/mot-yvas.lt\/wp-content\/uploads\/2021\/07\/logo2-416x334.jpg 416w\" sizes=\"(max-width: 2560px) 100vw, 2560px\" \/><\/figure>\n<div class=\"wp-block-media-text__content\">\n<p class=\"has-large-font-size\">Vizija<\/p>\n<p>Vyraujantis minimalizmas ir tvarios med\u017eiagos leid\u017eia pails\u0117ti nuo greitos mados, kuri skatina mus vartoti drabu\u017eius it greitai gendant\u012f maist\u0105.<\/p>\n<p>Atsi\u017evelgiant \u012f \u0161iuolaikines pasaulio realijas, siekiame sukurti drabu\u017eius ir aksesuarus, kurie neprarast\u0173 savo \u017eavesio ilgojoje perspektyvoje.<\/p>\n<\/div>\n<\/div>\n<!-- \/wp:media-text --><!-- wp:woocommerce\/featured-product \/-->\t\t\t\t\t\t<\/div>\n\t\t\t\t<\/div>\n\t\t\t\t\t<\/div>\n\t\t<\/div>\n\t\t\t\t\t<\/div>\n\t\t<\/section>\n\t\t\t\t<section class=\"elementor-section elementor-top-section elementor-element elementor-element-5e2342c elementor-section-boxed elementor-section-height-default elementor-section-height-default\" data-id=\"5e2342c\" data-element_type=\"section\">\n\t\t\t\t\t\t<div class=\"elementor-container elementor-column-gap-default\">\n\t\t\t\t\t<div class=\"elementor-column elementor-col-100 elementor-top-column elementor-element elementor-element-34a8c9f\" data-id=\"34a8c9f\" data-element_type=\"column\">\n\t\t\t<div class=\"elementor-widget-wrap elementor-element-populated\">\n\t\t\t\t\t\t<div class=\"elementor-element elementor-element-0eabaaa elementor-arrows-position-inside elementor-pagination-position-outside elementor-widget elementor-widget-image-carousel\" data-id=\"0eabaaa\" data-element_type=\"widget\" data-settings=\"{&quot;navigation&quot;:&quot;both&quot;,&quot;autoplay&quot;:&quot;yes&quot;,&quot;pause_on_hover&quot;:&quot;yes&quot;,&quot;pause_on_interaction&quot;:&quot;yes&quot;,&quot;autoplay_speed&quot;:5000,&quot;infinite&quot;:&quot;yes&quot;,&quot;speed&quot;:500}\" data-widget_type=\"image-carousel.default\">\n\t\t\t\t<div class=\"elementor-widget-container\">\n\t\t\t\t\t<div class=\"elementor-image-carousel-wrapper swiper\" dir=\"ltr\">\n\t\t\t<div class=\"elementor-image-carousel swiper-wrapper\" aria-live=\"off\">\n\t\t\t\t\t\t\t\t<div class=\"swiper-slide\" role=\"group\" aria-roledescription=\"slide\" aria-label=\"1 of 10\"><a data-elementor-open-lightbox=\"yes\" data-elementor-lightbox-slideshow=\"0eabaaa\" data-elementor-lightbox-title=\"IMG_20200912_164849\" data-e-action-hash=\"#elementor-action%3Aaction%3Dlightbox%26settings%3DeyJpZCI6MjI4LCJ1cmwiOiJodHRwczpcL1wvbW90LXl2YXMubHRcL3dwLWNvbnRlbnRcL3VwbG9hZHNcLzIwMjFcLzA2XC9JTUdfMjAyMDA5MTJfMTY0ODQ5LXNjYWxlZC5qcGciLCJzbGlkZXNob3ciOiIwZWFiYWFhIn0%3D\" href=\"https:\/\/mot-yvas.lt\/index.php\/product-category\/sukneles\/\"><figure class=\"swiper-slide-inner\"><img decoding=\"async\" class=\"swiper-slide-image\" src=\"https:\/\/mot-yvas.lt\/wp-content\/uploads\/2021\/06\/IMG_20200912_164849-324x324.jpg\" alt=\"suknel\u0117 &quot;vaisgamta&quot; 129 \u20ac\" \/><\/figure><\/a><\/div><div class=\"swiper-slide\" role=\"group\" aria-roledescription=\"slide\" aria-label=\"2 of 10\"><a data-elementor-open-lightbox=\"yes\" data-elementor-lightbox-slideshow=\"0eabaaa\" data-elementor-lightbox-title=\"MOT\" data-e-action-hash=\"#elementor-action%3Aaction%3Dlightbox%26settings%3DeyJpZCI6Mjk2LCJ1cmwiOiJodHRwczpcL1wvbW90LXl2YXMubHRcL3dwLWNvbnRlbnRcL3VwbG9hZHNcLzIwMjFcLzA3XC9NT1Qtc2NhbGVkLmpwZyIsInNsaWRlc2hvdyI6IjBlYWJhYWEifQ%3D%3D\" href=\"https:\/\/mot-yvas.lt\/index.php\/product-category\/sukneles\/\"><figure class=\"swiper-slide-inner\"><img decoding=\"async\" class=\"swiper-slide-image\" src=\"https:\/\/mot-yvas.lt\/wp-content\/uploads\/2021\/07\/MOT-324x324.jpg\" alt=\"MOT\" \/><\/figure><\/a><\/div><div class=\"swiper-slide\" role=\"group\" aria-roledescription=\"slide\" aria-label=\"3 of 10\"><a data-elementor-open-lightbox=\"yes\" data-elementor-lightbox-slideshow=\"0eabaaa\" data-elementor-lightbox-title=\"s\u0117lija2\" data-e-action-hash=\"#elementor-action%3Aaction%3Dlightbox%26settings%3DeyJpZCI6Mzk2LCJ1cmwiOiJodHRwczpcL1wvbW90LXl2YXMubHRcL3dwLWNvbnRlbnRcL3VwbG9hZHNcLzIwMjFcLzA3XC9zZWxpamEyLXNjYWxlZC5qcGciLCJzbGlkZXNob3ciOiIwZWFiYWFhIn0%3D\" href=\"https:\/\/mot-yvas.lt\/index.php\/product-category\/sukneles\/\"><figure class=\"swiper-slide-inner\"><img decoding=\"async\" class=\"swiper-slide-image\" src=\"https:\/\/mot-yvas.lt\/wp-content\/uploads\/2021\/07\/selija2-324x324.jpg\" alt=\"s\u0117lija2\" \/><\/figure><\/a><\/div><div class=\"swiper-slide\" role=\"group\" aria-roledescription=\"slide\" aria-label=\"4 of 10\"><a data-elementor-open-lightbox=\"yes\" data-elementor-lightbox-slideshow=\"0eabaaa\" data-elementor-lightbox-title=\"upa4\" data-e-action-hash=\"#elementor-action%3Aaction%3Dlightbox%26settings%3DeyJpZCI6MzgxLCJ1cmwiOiJodHRwczpcL1wvbW90LXl2YXMubHRcL3dwLWNvbnRlbnRcL3VwbG9hZHNcLzIwMjFcLzA3XC91cGE0LXNjYWxlZC5qcGciLCJzbGlkZXNob3ciOiIwZWFiYWFhIn0%3D\" href=\"https:\/\/mot-yvas.lt\/index.php\/product-category\/sukneles\/\"><figure class=\"swiper-slide-inner\"><img decoding=\"async\" class=\"swiper-slide-image\" src=\"https:\/\/mot-yvas.lt\/wp-content\/uploads\/2021\/07\/upa4-324x324.jpg\" alt=\"upa4\" \/><\/figure><\/a><\/div><div class=\"swiper-slide\" role=\"group\" aria-roledescription=\"slide\" aria-label=\"5 of 10\"><a data-elementor-open-lightbox=\"yes\" data-elementor-lightbox-slideshow=\"0eabaaa\" data-elementor-lightbox-title=\"medeina2\" data-e-action-hash=\"#elementor-action%3Aaction%3Dlightbox%26settings%3DeyJpZCI6Mzg4LCJ1cmwiOiJodHRwczpcL1wvbW90LXl2YXMubHRcL3dwLWNvbnRlbnRcL3VwbG9hZHNcLzIwMjFcLzA3XC9tZWRlaW5hMi1zY2FsZWQuanBnIiwic2xpZGVzaG93IjoiMGVhYmFhYSJ9\" href=\"https:\/\/mot-yvas.lt\/index.php\/product-category\/sukneles\/\"><figure class=\"swiper-slide-inner\"><img decoding=\"async\" class=\"swiper-slide-image\" src=\"https:\/\/mot-yvas.lt\/wp-content\/uploads\/2021\/07\/medeina2-324x324.jpg\" alt=\"medeina2\" \/><\/figure><\/a><\/div><div class=\"swiper-slide\" role=\"group\" aria-roledescription=\"slide\" aria-label=\"6 of 10\"><a data-elementor-open-lightbox=\"yes\" data-elementor-lightbox-slideshow=\"0eabaaa\" data-elementor-lightbox-title=\"uoksas 1\" data-e-action-hash=\"#elementor-action%3Aaction%3Dlightbox%26settings%3DeyJpZCI6MzQyLCJ1cmwiOiJodHRwczpcL1wvbW90LXl2YXMubHRcL3dwLWNvbnRlbnRcL3VwbG9hZHNcLzIwMjFcLzA3XC91b2tzYXMtMS1zY2FsZWQuanBnIiwic2xpZGVzaG93IjoiMGVhYmFhYSJ9\" href=\"https:\/\/mot-yvas.lt\/index.php\/product-category\/sukneles\/\"><figure class=\"swiper-slide-inner\"><img decoding=\"async\" class=\"swiper-slide-image\" src=\"https:\/\/mot-yvas.lt\/wp-content\/uploads\/2021\/07\/uoksas-1-324x324.jpg\" alt=\"uoksas 1\" \/><\/figure><\/a><\/div><div class=\"swiper-slide\" role=\"group\" aria-roledescription=\"slide\" aria-label=\"7 of 10\"><a data-elementor-open-lightbox=\"yes\" data-elementor-lightbox-slideshow=\"0eabaaa\" data-elementor-lightbox-title=\"IMG_20200912_164858\" data-e-action-hash=\"#elementor-action%3Aaction%3Dlightbox%26settings%3DeyJpZCI6MjMwLCJ1cmwiOiJodHRwczpcL1wvbW90LXl2YXMubHRcL3dwLWNvbnRlbnRcL3VwbG9hZHNcLzIwMjFcLzA2XC9JTUdfMjAyMDA5MTJfMTY0ODU4LXNjYWxlZC5qcGciLCJzbGlkZXNob3ciOiIwZWFiYWFhIn0%3D\" href=\"https:\/\/mot-yvas.lt\/index.php\/product-category\/sukneles\/\"><figure class=\"swiper-slide-inner\"><img decoding=\"async\" class=\"swiper-slide-image\" src=\"https:\/\/mot-yvas.lt\/wp-content\/uploads\/2021\/06\/IMG_20200912_164858-324x324.jpg\" alt=\"IMG_20200912_164858\" \/><\/figure><\/a><\/div><div class=\"swiper-slide\" role=\"group\" aria-roledescription=\"slide\" aria-label=\"8 of 10\"><a data-elementor-open-lightbox=\"yes\" data-elementor-lightbox-slideshow=\"0eabaaa\" data-elementor-lightbox-title=\"IMG_20200912_164227\" data-e-action-hash=\"#elementor-action%3Aaction%3Dlightbox%26settings%3DeyJpZCI6MzU0LCJ1cmwiOiJodHRwczpcL1wvbW90LXl2YXMubHRcL3dwLWNvbnRlbnRcL3VwbG9hZHNcLzIwMjFcLzA3XC9JTUdfMjAyMDA5MTJfMTY0MjI3LXNjYWxlZC5qcGciLCJzbGlkZXNob3ciOiIwZWFiYWFhIn0%3D\" href=\"https:\/\/mot-yvas.lt\/index.php\/product-category\/sukneles\/\"><figure class=\"swiper-slide-inner\"><img decoding=\"async\" class=\"swiper-slide-image\" src=\"https:\/\/mot-yvas.lt\/wp-content\/uploads\/2021\/07\/IMG_20200912_164227-324x324.jpg\" alt=\"IMG_20200912_164227\" \/><\/figure><\/a><\/div><div class=\"swiper-slide\" role=\"group\" aria-roledescription=\"slide\" aria-label=\"9 of 10\"><a data-elementor-open-lightbox=\"yes\" data-elementor-lightbox-slideshow=\"0eabaaa\" data-elementor-lightbox-title=\"medeina1\" data-e-action-hash=\"#elementor-action%3Aaction%3Dlightbox%26settings%3DeyJpZCI6Mzg3LCJ1cmwiOiJodHRwczpcL1wvbW90LXl2YXMubHRcL3dwLWNvbnRlbnRcL3VwbG9hZHNcLzIwMjFcLzA3XC9tZWRlaW5hMS1zY2FsZWQuanBnIiwic2xpZGVzaG93IjoiMGVhYmFhYSJ9\" href=\"https:\/\/mot-yvas.lt\/index.php\/product-category\/sukneles\/\"><figure class=\"swiper-slide-inner\"><img decoding=\"async\" class=\"swiper-slide-image\" src=\"https:\/\/mot-yvas.lt\/wp-content\/uploads\/2021\/07\/medeina1-324x324.jpg\" alt=\"medeina1\" \/><\/figure><\/a><\/div><div class=\"swiper-slide\" role=\"group\" aria-roledescription=\"slide\" aria-label=\"10 of 10\"><a data-elementor-open-lightbox=\"yes\" data-elementor-lightbox-slideshow=\"0eabaaa\" data-elementor-lightbox-title=\"51\" data-e-action-hash=\"#elementor-action%3Aaction%3Dlightbox%26settings%3DeyJpZCI6MjQ3LCJ1cmwiOiJodHRwczpcL1wvbW90LXl2YXMubHRcL3dwLWNvbnRlbnRcL3VwbG9hZHNcLzIwMjFcLzA2XC81MS1zY2FsZWQuanBnIiwic2xpZGVzaG93IjoiMGVhYmFhYSJ9\" href=\"https:\/\/mot-yvas.lt\/index.php\/product-category\/sukneles\/\"><figure class=\"swiper-slide-inner\"><img decoding=\"async\" class=\"swiper-slide-image\" src=\"https:\/\/mot-yvas.lt\/wp-content\/uploads\/2021\/06\/51-324x324.jpg\" alt=\"51\" \/><\/figure><\/a><\/div>\t\t\t<\/div>\n\t\t\t\t\t\t\t\t\t\t\t\t<div class=\"elementor-swiper-button elementor-swiper-button-prev\" role=\"button\" tabindex=\"0\">\n\t\t\t\t\t\t<i aria-hidden=\"true\" class=\"eicon-chevron-left\"><\/i>\t\t\t\t\t<\/div>\n\t\t\t\t\t<div class=\"elementor-swiper-button elementor-swiper-button-next\" role=\"button\" tabindex=\"0\">\n\t\t\t\t\t\t<i aria-hidden=\"true\" class=\"eicon-chevron-right\"><\/i>\t\t\t\t\t<\/div>\n\t\t\t\t\n\t\t\t\t\t\t\t\t\t<div class=\"swiper-pagination\"><\/div>\n\t\t\t\t\t\t\t\t\t<\/div>\n\t\t\t\t<\/div>\n\t\t\t\t<\/div>\n\t\t\t\t\t<\/div>\n\t\t<\/div>\n\t\t\t\t\t<\/div>\n\t\t<\/section>\n\t\t\t\t<section class=\"elementor-section elementor-top-section elementor-element elementor-element-ca07900 elementor-section-boxed elementor-section-height-default elementor-section-height-default\" data-id=\"ca07900\" data-element_type=\"section\">\n\t\t\t\t\t\t<div class=\"elementor-container elementor-column-gap-default\">\n\t\t\t\t\t<div class=\"elementor-column elementor-col-100 elementor-top-column elementor-element elementor-element-3ecb5cc\" data-id=\"3ecb5cc\" data-element_type=\"column\">\n\t\t\t<div class=\"elementor-widget-wrap elementor-element-populated\">\n\t\t\t\t\t\t<section class=\"elementor-section elementor-inner-section elementor-element elementor-element-db50063 elementor-section-boxed elementor-section-height-default elementor-section-height-default\" data-id=\"db50063\" data-element_type=\"section\">\n\t\t\t\t\t\t<div class=\"elementor-container elementor-column-gap-default\">\n\t\t\t\t\t<div class=\"elementor-column elementor-col-50 elementor-inner-column elementor-element elementor-element-7f0b89d\" data-id=\"7f0b89d\" data-element_type=\"column\">\n\t\t\t<div class=\"elementor-widget-wrap elementor-element-populated\">\n\t\t\t\t\t\t<div class=\"elementor-element elementor-element-b3f26cc elementor-widget elementor-widget-image\" data-id=\"b3f26cc\" data-element_type=\"widget\" data-widget_type=\"image.default\">\n\t\t\t\t<div class=\"elementor-widget-container\">\n\t\t\t\t\t\t\t\t\t\t\t\t\t\t<a href=\"https:\/\/mot-yvas.lt\/index.php\/product\/linine-suknele-upa\/\">\n\t\t\t\t\t\t\t<img decoding=\"async\" width=\"789\" height=\"1024\" src=\"https:\/\/mot-yvas.lt\/wp-content\/uploads\/2021\/07\/upa2-789x1024.jpg\" class=\"attachment-large size-large wp-image-379\" alt=\"\" srcset=\"https:\/\/mot-yvas.lt\/wp-content\/uploads\/2021\/07\/upa2-789x1024.jpg 789w, https:\/\/mot-yvas.lt\/wp-content\/uploads\/2021\/07\/upa2-231x300.jpg 231w, https:\/\/mot-yvas.lt\/wp-content\/uploads\/2021\/07\/upa2-768x997.jpg 768w, https:\/\/mot-yvas.lt\/wp-content\/uploads\/2021\/07\/upa2-1183x1536.jpg 1183w, https:\/\/mot-yvas.lt\/wp-content\/uploads\/2021\/07\/upa2-1578x2048.jpg 1578w, https:\/\/mot-yvas.lt\/wp-content\/uploads\/2021\/07\/upa2-18x24.jpg 18w, https:\/\/mot-yvas.lt\/wp-content\/uploads\/2021\/07\/upa2-28x36.jpg 28w, https:\/\/mot-yvas.lt\/wp-content\/uploads\/2021\/07\/upa2-37x48.jpg 37w, https:\/\/mot-yvas.lt\/wp-content\/uploads\/2021\/07\/upa2-416x540.jpg 416w, https:\/\/mot-yvas.lt\/wp-content\/uploads\/2021\/07\/upa2-scaled.jpg 1972w\" sizes=\"(max-width: 789px) 100vw, 789px\" \/>\t\t\t\t\t\t\t\t<\/a>\n\t\t\t\t\t\t\t\t\t\t\t\t\t<\/div>\n\t\t\t\t<\/div>\n\t\t\t\t\t<\/div>\n\t\t<\/div>\n\t\t\t\t<div class=\"elementor-column elementor-col-50 elementor-inner-column elementor-element elementor-element-aa5f9a1\" data-id=\"aa5f9a1\" data-element_type=\"column\">\n\t\t\t<div class=\"elementor-widget-wrap elementor-element-populated\">\n\t\t\t\t\t\t<div class=\"elementor-element elementor-element-57bafdf elementor-widget elementor-widget-text-editor\" data-id=\"57bafdf\" data-element_type=\"widget\" data-widget_type=\"text-editor.default\">\n\t\t\t\t<div class=\"elementor-widget-container\">\n\t\t\t\t\t\t\t<p>\u00a0<\/p>\n<h4 style=\"text-align: center;\">\u00a0<\/h4>\n<h4 style=\"text-align: center;\"><span style=\"color: #69696e;\"><i>\u00a0\u0161iuolaiki\u0161ka lino interpretacija <\/i><\/span><\/h4>\n<h4 style=\"text-align: center;\"><span style=\"color: #69696e;\"><i>persmelkta balti\u0161kais motyvais<\/i><\/span><\/h4>\n<p><img decoding=\"async\" class=\"aligncenter size-full wp-image-73\" src=\"https:\/\/mot-yvas.lt\/wp-content\/uploads\/2020\/06\/motyvas-juodas-scaled.jpg\" alt=\"\" width=\"2560\" height=\"1810\" srcset=\"https:\/\/mot-yvas.lt\/wp-content\/uploads\/2020\/06\/motyvas-juodas-scaled.jpg 2560w, https:\/\/mot-yvas.lt\/wp-content\/uploads\/2020\/06\/motyvas-juodas-300x212.jpg 300w, https:\/\/mot-yvas.lt\/wp-content\/uploads\/2020\/06\/motyvas-juodas-1024x724.jpg 1024w, https:\/\/mot-yvas.lt\/wp-content\/uploads\/2020\/06\/motyvas-juodas-768x543.jpg 768w, https:\/\/mot-yvas.lt\/wp-content\/uploads\/2020\/06\/motyvas-juodas-1536x1086.jpg 1536w, https:\/\/mot-yvas.lt\/wp-content\/uploads\/2020\/06\/motyvas-juodas-2048x1448.jpg 2048w, https:\/\/mot-yvas.lt\/wp-content\/uploads\/2020\/06\/motyvas-juodas-416x294.jpg 416w\" sizes=\"(max-width: 2560px) 100vw, 2560px\" \/><\/p>\t\t\t\t\t\t<\/div>\n\t\t\t\t<\/div>\n\t\t\t\t\t<\/div>\n\t\t<\/div>\n\t\t\t\t\t<\/div>\n\t\t<\/section>\n\t\t\t\t\t<\/div>\n\t\t<\/div>\n\t\t\t\t\t<\/div>\n\t\t<\/section>\n\t\t\t\t<\/div>\n\t\t","protected":false},"excerpt":{"rendered":"<p>Previous Next \u00a0 \u00a0 \u00a0\u0161iuolaiki\u0161ka lino interpretacija persmelkta balti\u0161kais motyvais<\/p>\n","protected":false},"author":1,"featured_media":0,"parent":0,"menu_order":1,"comment_status":"closed","ping_status":"closed","template":"template-fullwidth.php","meta":{"_monsterinsights_skip_tracking":false,"_monsterinsights_sitenote_active":false,"_monsterinsights_sitenote_note":"","_monsterinsights_sitenote_category":0,"footnotes":""},"jetpack_sharing_enabled":true,"_links":{"self":[{"href":"https:\/\/mot-yvas.lt\/index.php\/wp-json\/wp\/v2\/pages\/59"}],"collection":[{"href":"https:\/\/mot-yvas.lt\/index.php\/wp-json\/wp\/v2\/pages"}],"about":[{"href":"https:\/\/mot-yvas.lt\/index.php\/wp-json\/wp\/v2\/types\/page"}],"author":[{"embeddable":true,"href":"https:\/\/mot-yvas.lt\/index.php\/wp-json\/wp\/v2\/users\/1"}],"replies":[{"embeddable":true,"href":"https:\/\/mot-yvas.lt\/index.php\/wp-json\/wp\/v2\/comments?post=59"}],"version-history":[{"count":83,"href":"https:\/\/mot-yvas.lt\/index.php\/wp-json\/wp\/v2\/pages\/59\/revisions"}],"predecessor-version":[{"id":417,"href":"https:\/\/mot-yvas.lt\/index.php\/wp-json\/wp\/v2\/pages\/59\/revisions\/417"}],"wp:attachment":[{"href":"https:\/\/mot-yvas.lt\/index.php\/wp-json\/wp\/v2\/media?parent=59"}],"curies":[{"name":"wp","href":"https:\/\/api.w.org\/{rel}","templated":true}]}}