{"id":176,"date":"2021-06-15T10:38:46","date_gmt":"2021-06-15T10:38:46","guid":{"rendered":"https:\/\/mot-yvas.lt\/?page_id=176"},"modified":"2021-07-24T08:57:52","modified_gmt":"2021-07-24T08:57:52","slug":"kontaktai","status":"publish","type":"page","link":"https:\/\/mot-yvas.lt\/index.php\/kontaktai\/","title":{"rendered":"kontaktai"},"content":{"rendered":"\n<div class=\"wp-block-image\"><figure class=\"alignleft size-large is-resized\"><img fetchpriority=\"high\" decoding=\"async\" src=\"https:\/\/mot-yvas.lt\/wp-content\/uploads\/2020\/11\/IMG_20201030_085307_105-1024x768.jpg\" alt=\"\" class=\"wp-image-105\" width=\"512\" height=\"384\" srcset=\"https:\/\/mot-yvas.lt\/wp-content\/uploads\/2020\/11\/IMG_20201030_085307_105-1024x768.jpg 1024w, https:\/\/mot-yvas.lt\/wp-content\/uploads\/2020\/11\/IMG_20201030_085307_105-300x225.jpg 300w, https:\/\/mot-yvas.lt\/wp-content\/uploads\/2020\/11\/IMG_20201030_085307_105-768x576.jpg 768w, https:\/\/mot-yvas.lt\/wp-content\/uploads\/2020\/11\/IMG_20201030_085307_105-1536x1152.jpg 1536w, https:\/\/mot-yvas.lt\/wp-content\/uploads\/2020\/11\/IMG_20201030_085307_105-2048x1536.jpg 2048w, https:\/\/mot-yvas.lt\/wp-content\/uploads\/2020\/11\/IMG_20201030_085307_105-416x312.jpg 416w\" sizes=\"(max-width: 512px) 100vw, 512px\" \/><\/figure><\/div>\n\n\n\n<div style=\"height:28px\" aria-hidden=\"true\" class=\"wp-block-spacer\"><\/div>\n\n\n<div class=\"wpforms-container wpforms-container-full wpforms-block\" id=\"wpforms-195\"><form id=\"wpforms-form-195\" class=\"wpforms-validate wpforms-form\" data-formid=\"195\" method=\"post\" enctype=\"multipart\/form-data\" action=\"\/index.php\/wp-json\/wp\/v2\/pages\/176\" data-token=\"84b9923fd189d6dfa4390cbb1d33584d\" data-token-time=\"1776074134\"><div class=\"wpforms-head-container\"><div class=\"wpforms-title\">Susisiekite su mumis<\/div><div class=\"wpforms-description\">Turite mums klausim\u0173 ar pasteb\u0117jim\u0173? Tuomet galite pasinaudoti \u0161ia forma arba susisiekti su mumis kontaktais, kuriuos rasite apa\u010dioje.<\/div><\/div><noscript class=\"wpforms-error-noscript\">Please enable JavaScript in your browser to complete this form.<\/noscript><div class=\"wpforms-field-container\"><div id=\"wpforms-195-field_1-container\" class=\"wpforms-field wpforms-field-text\" data-field-id=\"1\"><label class=\"wpforms-field-label\" for=\"wpforms-195-field_1\">Vardas <span class=\"wpforms-required-label\">*<\/span><\/label><input type=\"text\" id=\"wpforms-195-field_1\" class=\"wpforms-field-medium wpforms-field-required\" name=\"wpforms[fields][1]\" required><\/div><div id=\"wpforms-195-field_3-container\" class=\"wpforms-field wpforms-field-email\" data-field-id=\"3\"><label class=\"wpforms-field-label\" for=\"wpforms-195-field_3\">El. pa\u0161tas <span class=\"wpforms-required-label\">*<\/span><\/label><input type=\"email\" id=\"wpforms-195-field_3\" class=\"wpforms-field-medium wpforms-field-required\" name=\"wpforms[fields][3]\" spellcheck=\"false\" required><\/div><div id=\"wpforms-195-field_4-container\" class=\"wpforms-field wpforms-field-textarea\" data-field-id=\"4\"><label class=\"wpforms-field-label\" for=\"wpforms-195-field_4\">J\u016bs\u0173 \u017einut\u0117 <span class=\"wpforms-required-label\">*<\/span><\/label><textarea id=\"wpforms-195-field_4\" class=\"wpforms-field-medium wpforms-field-required\" name=\"wpforms[fields][4]\" required><\/textarea><\/div><\/div><!-- .wpforms-field-container --><div class=\"wpforms-submit-container\" ><input type=\"hidden\" name=\"wpforms[id]\" value=\"195\"><input type=\"hidden\" name=\"page_title\" value=\"\"><input type=\"hidden\" name=\"page_url\" value=\"https:\/\/mot-yvas.lt\/index.php\/wp-json\/wp\/v2\/pages\/176\"><button type=\"submit\" name=\"wpforms[submit]\" id=\"wpforms-submit-195\" class=\"wpforms-submit\" data-alt-text=\"Siun\u010diama...\" data-submit-text=\"I\u0161si\u0173sti\" aria-live=\"assertive\" value=\"wpforms-submit\">I\u0161si\u0173sti<\/button><\/div><\/form><\/div>  <!-- .wpforms-container -->\n\n\n<div style=\"height:51px\" aria-hidden=\"true\" class=\"wp-block-spacer\"><\/div>\n\n\n\n<p class=\"has-text-align-left has-text-color\" style=\"color:#646464;font-size:24px\">                                         <strong>mot yvas kontaktai:<\/strong><\/p>\n\n\n\n<p class=\"has-text-color has-normal-font-size\" style=\"color:#484848\">Skrobl\u0173 g. 31, LT-03140 Vilnius<\/p>\n\n\n\n<p class=\"has-text-color has-normal-font-size\" style=\"color:#4c4c4c\">El. pa\u0161tas: motyvas.studio@gmail.com<\/p>\n\n\n\n<p class=\"has-text-color has-normal-font-size\" style=\"color:#3c3c3d\">Tel.: +37064862556<\/p>\n","protected":false},"excerpt":{"rendered":"<p>mot yvas kontaktai: Skrobl\u0173 g. 31, LT-03140 Vilnius El. pa\u0161tas: motyvas.studio@gmail.com Tel.: +37064862556<\/p>\n","protected":false},"author":1,"featured_media":0,"parent":0,"menu_order":6,"comment_status":"closed","ping_status":"closed","template":"","meta":{"_monsterinsights_skip_tracking":false,"_monsterinsights_sitenote_active":false,"_monsterinsights_sitenote_note":"","_monsterinsights_sitenote_category":0,"footnotes":""},"jetpack_sharing_enabled":true,"_links":{"self":[{"href":"https:\/\/mot-yvas.lt\/index.php\/wp-json\/wp\/v2\/pages\/176"}],"collection":[{"href":"https:\/\/mot-yvas.lt\/index.php\/wp-json\/wp\/v2\/pages"}],"about":[{"href":"https:\/\/mot-yvas.lt\/index.php\/wp-json\/wp\/v2\/types\/page"}],"author":[{"embeddable":true,"href":"https:\/\/mot-yvas.lt\/index.php\/wp-json\/wp\/v2\/users\/1"}],"replies":[{"embeddable":true,"href":"https:\/\/mot-yvas.lt\/index.php\/wp-json\/wp\/v2\/comments?post=176"}],"version-history":[{"count":11,"href":"https:\/\/mot-yvas.lt\/index.php\/wp-json\/wp\/v2\/pages\/176\/revisions"}],"predecessor-version":[{"id":288,"href":"https:\/\/mot-yvas.lt\/index.php\/wp-json\/wp\/v2\/pages\/176\/revisions\/288"}],"wp:attachment":[{"href":"https:\/\/mot-yvas.lt\/index.php\/wp-json\/wp\/v2\/media?parent=176"}],"curies":[{"name":"wp","href":"https:\/\/api.w.org\/{rel}","templated":true}]}}