{"id":174,"date":"2021-06-15T10:37:55","date_gmt":"2021-06-15T10:37:55","guid":{"rendered":"https:\/\/mot-yvas.lt\/?page_id=174"},"modified":"2021-07-23T14:58:05","modified_gmt":"2021-07-23T14:58:05","slug":"pristatymas-ir-grazinimas","status":"publish","type":"page","link":"https:\/\/mot-yvas.lt\/index.php\/pristatymas-ir-grazinimas\/","title":{"rendered":"pristatymas ir gr\u0105\u017einimas"},"content":{"rendered":"\n<h4 class=\"has-text-align-center wp-block-heading\"><strong>Preki\u0173 pirkimo \u2013 pardavimo taisykl\u0117s Mot-yvas.lt e-parduotuv\u0117je<\/strong><\/h4>\n\n\n\n<p>Aktuali redakcija nuo 2021 m. liepos 23 d.<br>Kilus klausimams susisiekite el. pa\u0161tu motyvas.studio@gmail.com<\/p>\n\n\n\n<p><strong>1.&nbsp; &nbsp; &nbsp; &nbsp;&nbsp;PAGRINDIN\u0116S S\u0104VOKOS<\/strong><\/p>\n\n\n\n<p>1.1.&nbsp; &nbsp; &nbsp;<strong>Mot-yvas.lt<\/strong>&nbsp;\u2013 tai e-parduotuv\u0117, veikianti adresu&nbsp;<a href=\"https:\/\/www.mot-yvas.lt\/\">www.mot-yvas.lt<\/a>, kuri\u0105 administruoja fizinis asmuo Nijol\u0117 Ju\u0161kyt\u0117 Budrien\u0117, individualios veiklos pa\u017eymos nr. 866079, registruotos buvein\u0117s adresas Skrobl\u0173 g. 31-35, Vilnius LT-03140.<\/p>\n\n\n\n<p>1.2.&nbsp; &nbsp; &nbsp;<strong>Sutartis<\/strong>\u2013 Preki\u0173 pirkimo \u2013 pardavimo sutartis, kuri laikoma sudaryta Pirk\u0117jui atlikus apmok\u0117jim\u0105 ir gavus u\u017esakymo patvirtinimo prane\u0161im\u0105 Pirk\u0117jo nurodytu el. pa\u0161tu. Kiekvienos Pirk\u0117jo ir Pardav\u0117jo sudarytos Sutarties s\u0105lygos yra identi\u0161kos \u0161i\u0173 Taisykli\u0173 s\u0105lygoms ir jos vykdomos vadovaujantis \u0161iomis Taisykl\u0117mis.<\/p>\n\n\n\n<p>1.3.&nbsp; &nbsp; &nbsp;<strong>Pirk\u0117jas<\/strong>\u2013 veiksnus fizinis (asmuo sulauk\u0119s pilnametyst\u0117s ir kurio veiksnumas n\u0117ra apribotas teismo tvarka arba nepilnametis nuo 14 iki 18 met\u0173 am\u017eiaus, kuris turi t\u0117v\u0173 arba r\u016bpintoj\u0173 sutikim\u0105, i\u0161skyrus atvejus, kai jis \/ ji savaranki\u0161kai disponuoja savo pajamomis) arba juridinis asmuo bei \u0161i\u0173 asmen\u0173 \u012fgalioti atstovai.<\/p>\n\n\n\n<p>1.4.&nbsp; &nbsp; &nbsp;<strong>Pardav\u0117jas<\/strong>\u2013 e-parduotuv\u0119 <a href=\"https:\/\/www.mot-yvas.lt\/\">www.mot-yvas.lt<\/a>&nbsp;administruojantis fizinis asmuo, kuris parduoda e-parduotuv\u0117je pristatomas Prekes ir yra atsakingas u\u017e pateikto Pirk\u0117jo U\u017esakymo vykdym\u0105. Pardav\u0117jo rekvizitai yra nurodyti <a href=\"https:\/\/mot-yvas.lt\/index.php\/kontaktai\/\">kontaktuose<\/a>.<\/p>\n\n\n\n<p>1.5.&nbsp; &nbsp; &nbsp;<strong>Prek\u0117<\/strong>\u2013 jau sukurtas ar pagamintas gaminys, kur\u012f Pardav\u0117jas eksponuoja Mot-yvas.lt e-parduotuv\u0117je.<\/p>\n\n\n\n<p>1.6.&nbsp; &nbsp; &nbsp;<strong>U\u017esakymas<\/strong>\u2013 Preki\u0173 u\u017esakymas, kuriame yra nurodomos Pirk\u0117jo pageidaujamos \u012fsigyti prek\u0117s i\u0161 Pardav\u0117jo.<\/p>\n\n\n\n<p>1.7.&nbsp; &nbsp; &nbsp;<strong>\u0160alys<\/strong>\u2013 Pirk\u0117jas ir Pardav\u0117jas drauge.<\/p>\n\n\n\n<p>1.8.&nbsp; &nbsp; &nbsp;<strong>Taisykl\u0117s<\/strong>\u2013 \u0161is dokumentas, kuris nustato Preki\u0173 pirkimo \u2013 pardavimo taisykles, kurios yra taikomos kiekvienam Pirk\u0117jo apsipirkimui e-parduotuv\u0117je<a href=\"http:\/\/www.mot-yvas.lt\/\"> <\/a><a href=\"https:\/\/www.mot-yvas.lt\/\">www.mot-yvas.lt<\/a>, t. y. sudaromai Sutar\u010diai tarp Pirk\u0117jo ir Pardav\u0117jo.<\/p>\n\n\n\n<p>1.9.&nbsp; &nbsp; &nbsp;<strong>Privatumo politika<\/strong>&nbsp;\u2013 dokumentas, kuriame yra numatytos pagrindin\u0117s Asmens duomen\u0173 rinkimo, kaupimo, tvarkymo ir laikymo taisykl\u0117s, naudojantis Mot-yvas.lt paslaugomis.<\/p>\n\n\n\n<p><strong>2.&nbsp;&nbsp;&nbsp;&nbsp;&nbsp;&nbsp;&nbsp;&nbsp;<\/strong><strong>BENDROSIOS NUOSTATOS<\/strong><\/p>\n\n\n\n<p>2.1.&nbsp; &nbsp; &nbsp;Prie\u0161 atlikdamas mok\u0117jim\u0105, t. y. sudarydamas Preki\u0173 pirkimo \u2013 pardavimo sutart\u012f, Pirk\u0117jas:<\/p>\n\n\n\n<p>2.1.1.&nbsp;&nbsp;patvirtina Taisykles pa\u017eym\u0117j\u0119s varnel\u0119 prie teiginio \u201e<strong>Susipa\u017einau ir sutinku su Preki\u0173 pirkimo \u2013 pardavimo taisykl\u0117mis (terms and conditions)<\/strong> ir privatumo politika (privacy policy)\u201c. Tokiu b\u016bdu patvirtintos Taisykl\u0117s yra \u0160alims privalomas teisinis dokumentas, kuriame nustatomos Pirk\u0117jo ir Pardav\u0117jo teis\u0117s bei pareigos, Preki\u0173 \u012fsigijimo bei apmok\u0117jimo u\u017e jas s\u0105lygos, Preki\u0173 pristatymo ir gr\u0105\u017einimo tvarka, \u0161ali\u0173 atsakomyb\u0117 bei kitos s\u0105lygos.<\/p>\n\n\n\n<p>2.1.2.&nbsp;&nbsp;patvirtinta savo sutikim\u0105 su Privatumo politika pa\u017eym\u0117j\u0119s varnel\u0119 prie teiginio \u201eSusipa\u017einau ir sutinku su Preki\u0173 pirkimo \u2013 pardavimo taisykl\u0117mis (terms and conditions) ir<strong> privatumo politika (privacy policy)<\/strong>\u201c. Pirk\u0117jo asmens duomenys bus perduodami Pardav\u0117jui, i\u0161 kurio Pirk\u0117jas perka Prekes ir \u0161ie Asmens duomenys bus tvarkomi vadovaujantis Mot-yvas.lt Privatumo politika.<\/p>\n\n\n\n<p>2.2.&nbsp; &nbsp; &nbsp;Esant b\u016btinybei ar Lietuvos Respublikos teis\u0117s aktuose numatytoms aplinkyb\u0117ms, Mot-yvas.lt turi teis\u0119 pakeisti, taisyti ar papildyti Taisykles bei Privatumo politik\u0105. Naujausia redakcija ir jos data skelbiama puslapyje&nbsp;<a href=\"https:\/\/mot-yvas.lt\/index.php\/privatumo-politika\/\">www.mot-yvas.lt<\/a>.<\/p>\n\n\n\n<p>2.3.&nbsp; &nbsp; &nbsp;Jeigu U\u017esakymo vykdymo ar kitais klausimais Pirk\u0117jas kreipiasi \u012f Pardav\u0117j\u0105 jo nurodytu el. pa\u0161tu, u\u017e vis\u0105 pateikt\u0105 asmenin\u0119 informacij\u0105 atsako pats Pirk\u0117jas.<\/p>\n\n\n\n<p><strong>3.&nbsp;&nbsp;&nbsp;&nbsp;&nbsp;&nbsp;&nbsp;&nbsp;PREKI\u0172 U\u017dSAKYMAS IR U\u017dSAKYMO PATVIRTINIMAS<\/strong><\/p>\n\n\n\n<p>3.1.&nbsp; &nbsp; &nbsp;Pirk\u0117jas, u\u017esisakydamas Prekes, atitinkamuose Mot-yvas.lt e-parduotuv\u0117s informacijos laukuose privalo nurodyti b\u016btinus ir teisingus duomenis tinkamam Preki\u0173 U\u017esakymui \u012fvykdyti.<\/p>\n\n\n\n<p>3.2.&nbsp; &nbsp; &nbsp;Kai Pirk\u0117jas \u012fvykdo visus su u\u017esakymu susijusius \u017eingsnius ir patvirtina savo U\u017esakym\u0105 atlikdamas mok\u0117jim\u0105, laikoma, kad buvo sudaryta Sutartis. Apie Sutarties sudarym\u0105 \u2013 U\u017esakymo patvirtinim\u0105 Pirk\u0117jas yra informuojamas nurodytu el. pa\u0161tu.<\/p>\n\n\n\n<p>3.3.&nbsp;&nbsp;&nbsp;&nbsp;&nbsp;Kiekvienas Pirk\u0117jo U\u017esakymas yra saugomas Mot-yvas.lt duomen\u0173 baz\u0117je.<\/p>\n\n\n\n<p><strong>4.         U\u017dSAKYMO APMOK\u0116JIMAS<\/strong><\/p>\n\n\n\n<p>4.1.     U\u017esakantiems prekes e-parduotuv\u0117je, galimi \u0161ie atsiskaitymo b\u016bdai:<\/p>\n\n\n\n<p>4.1.1. &nbsp;<strong>Banko pavedimas<\/strong>. \u0160iuo metu atsiskaityti u\u017e prekes galite tik banko pavedimu. U\u017esakymo patvirtinimai siun\u010diami J\u016bs\u0173 nurodytu elektroniniu pa\u0161tu. U\u017esakymo patvirtinimo lai\u0161ke bus nurodyti m\u016bs\u0173 rekvizitai ir kiti duomenys, reikalingi bankiniam pavedimui atlikti. <strong>Atliekant bankin\u012f pavedim\u0105, mok\u0117jimo paskirtyje b\u016btina nurodyti J\u016bs\u0173 u\u017esakymo numer\u012f!<\/strong> Sudaryti ir neapmok\u0117ti u\u017esakymai laikomi nepatvirtintais ir n\u0117ra vykdomi. Lankytojai gali be joki\u0173 apribojim\u0173 sudarin\u0117ti u\u017esakymus, tik kol jie n\u0117ra apmok\u0117ti  \u2013 jie nebus vykdomi.<\/p>\n\n\n\n<p>Gav\u0119 apmok\u0117jim\u0105 bei patvirtin\u0119 u\u017esakym\u0105 J\u016bs\u0173 nurodytu elektroniniu pa\u0161tu, nedelsiant prad\u0117sime j\u012f vykdyti ir papildomai informuosime Jus apie jo paruo\u0161im\u0105 ir \/ ar pristatym\u0105 J\u016bs\u0173 nurodytu el. pa\u0161tu. <\/p>\n\n\n\n<p><strong>5.&nbsp;&nbsp;&nbsp;&nbsp;&nbsp;&nbsp;&nbsp;&nbsp;U\u017dSAKYMO PARUO\u0160IMAS IR PRISTATYMAS<\/strong><\/p>\n\n\n\n<p>5.1.\u00a0 \u00a0 \u00a0<strong>Preki\u0173 paruo\u0161imas.<\/strong>\u00a0U\u017esakytas prekes paruo\u0161iame i\u0161siuntimui per 1-3 darbo dienas nuo J\u016bs\u0173 apmok\u0117jimo \u012fskaitymo \u012f m\u016bs\u0173 banko s\u0105skait\u0105 dienos.<\/p>\n\n\n\n<p>5.2.&nbsp; &nbsp; &nbsp;<strong>Preki\u0173 siuntimas.&nbsp;<\/strong>Prekes siun\u010diame per u\u017esakymo pateikimo metu J\u016bs\u0173 pasirinkt\u0105 siunt\u0173 tarnyb\u0105 (\u0161iuo metu prekes siun\u010diame per Omniva arba LP Express pa\u0161tomatus). Preki\u0173 pristatymo trukm\u0117 priklauso nuo siunt\u0173 tarnybos. Siun\u010diant Omniva \/ LP Express pa\u0161tomatais pristatymas paprastai trunka 1-3 darbo dienas.<\/p>\n\n\n\n<p>5.2.1.&nbsp;&nbsp;Jeigu pageidaujate kitokio pristatymo b\u016bdo arba nor\u0117tum\u0117te prekes gauti \u012f u\u017esien\u012f, tuomet galite susisiekti su mumis el. pa\u0161tu motyvas.studio@gmail.com d\u0117l galim\u0173 papildom\u0173 siuntimo variant\u0173.<\/p>\n\n\n\n<p>5.3.&nbsp;&nbsp;<strong>Preki\u0173 pristatymas Lietuvoje per Omniva \/ LP Express pa\u0161tomatus yra<\/strong> <strong>NEMOKAMAS<\/strong>.<\/p>\n\n\n\n<p>5.4.&nbsp; &nbsp; &nbsp;Pirk\u0117jas \u012fsipareigoja nurodyti tiksl\u0173 pristatymo adres\u0105 ir gav\u0117jo kontaktin\u0119 informacij\u0105, jeigu ji skiriasi nuo Pirk\u0117jo kontaktin\u0117s informacijos. Pardav\u0117jas neatsako u\u017e tai, jei Pirk\u0117jo nurodyta pristatymo informacija yra klaidinga.<\/p>\n\n\n\n<p>5.5.&nbsp;&nbsp;&nbsp;Apie Preki\u0173 pristatym\u0105 j\u016bs\u0173 nurodytu adresu ar atsi\u0117mim\u0105 artimiausiame pa\u0161tomate jus informuos kurjeris skambu\u010diu arba SMS \u017einute.<\/p>\n\n\n\n<p><strong>6.&nbsp;&nbsp;&nbsp;&nbsp;&nbsp;&nbsp;&nbsp;&nbsp;PREKI\u0172 GR\u0104\u017dINIMAS IR KEITIMAS<\/strong><\/p>\n\n\n\n<p>6.1.&nbsp; &nbsp; &nbsp;Pirk\u0117jas turi teis\u0119 gr\u0105\u017einti Prekes ir atgauti sumok\u0117tus pinigus nenurodydamas prie\u017easties per 14 (keturiolika) dien\u0173, i\u0161skyrus Prekes ar atvejus, kurie patenka \u012f LR Civilinio kodekso 6.228(10) str. numatytas i\u0161imtis. (pvz.:&nbsp;pagal individual\u0173 Pirk\u0117jo u\u017esakym\u0105 pagamintos prek\u0117s, d\u0117l higienos prie\u017eas\u010di\u0173 negr\u0105\u017einamos prek\u0117s, i\u0161pakuota kosmetika, leidiniai).<\/p>\n\n\n\n<p>6.2.&nbsp; &nbsp; &nbsp;Nor\u0117damas gr\u0105\u017einti Prek\u0119, Pirk\u0117jas turi ra\u0161ti\u0161kai apie tai informuoti Pardav\u0117j\u0105 el. pa\u0161tu \u2013<a href=\"mailto:motyvas.studio@gmail.com\">motyvas.studio@gmail.com<\/a>.<\/p>\n\n\n\n<p>6.3.&nbsp; &nbsp; &nbsp;Gr\u0105\u017einama prek\u0117 turi b\u016bti nenaudota ir nepraradusi prekin\u0117s i\u0161vaizdos, t. y. ap\u017ei\u016br\u0117ta tik tiek, kiek tai b\u016bt\u0173 galima padaryti fizin\u0117je parduotuv\u0117je.<\/p>\n\n\n\n<p>6.4.&nbsp; &nbsp; &nbsp;Gr\u0105\u017einti Prekes Pirk\u0117jas gali per siunt\u0173 tarnybas arba tiesiogiai Pardav\u0117jui jo nurodytu adresu. Prek\u0117 turi b\u016bti gr\u0105\u017einta originalioje pakuot\u0117je, kurioje ji buvo pristatyta. Pakuot\u0117 turi b\u016bti nesugadinta, \u0161vari, tinkamai paruo\u0161ta ir \u012fpakuota. Jei daiktas neturi originalios pakuot\u0117s, tuomet Pirk\u0117jas j\u012f \u012fpakuoja \u012f kit\u0105 tinkam\u0105 pakuot\u0119, kuri u\u017etikrint\u0173, kad prek\u0117 nebus sugadinta gr\u0105\u017einimo metu. Pirk\u0117jas turi informuoti Pardav\u0117j\u0105 Mot-yvas.lt el. pa\u0161tu \u2013&nbsp; motyvas.studio@gmail.com&nbsp;apie gr\u0105\u017einamos Prek\u0117s i\u0161siuntim\u0105 nurodydamas siuntos sekimo numer\u012f.<\/p>\n\n\n\n<p>6.5.     Pinigai u\u017e gr\u0105\u017eintas prekes pervedami \u012f Pirk\u0117jo nurodyt\u0105 banko s\u0105skait\u0105 per 10 darbo dien\u0173.<\/p>\n\n\n\n<p>6.6.     Prekes Pirk\u0117jas gr\u0105\u017eina savo l\u0117\u0161omis, i\u0161skyrus atvejus, kai prek\u0117 yra gr\u0105\u017einama d\u0117l netinkamos kokyb\u0117s. Pirk\u0117jas nekokybi\u0161k\u0105 prek\u0119 gali gr\u0105\u017einti per 14 dien\u0173 nuo jos gavimo.<\/p>\n\n\n\n<p>6.7.&nbsp; &nbsp; &nbsp;Pardav\u0117jas, turi teis\u0119 negr\u0105\u017einti pinig\u0173 u\u017e Prekes, kurios buvo gr\u0105\u017eintos su tr\u016bkumais, atsiradusiais d\u0117l Pirk\u0117jo kalt\u0117s (pvz. Pirk\u0117jas i\u0161siunt\u0117 netinkamai supakuot\u0105 Prek\u0119, buvo nurodytas netinkamas adresas, Prek\u0117 buvo prarasta ar sugadinta gr\u0105\u017einimo Pardav\u0117jui metu).<\/p>\n\n\n\n<p><strong>7.&nbsp; &nbsp; &nbsp; &nbsp;&nbsp;KOMUNIKACIJA<\/strong><\/p>\n\n\n\n<p>7.1.&nbsp; &nbsp; &nbsp;Visa komunikacija susijusi su Preki\u0173 \u012fsigijimu naudojantis Mot-yvas.lt e-parduotuve, vykdoma Mot-yvas.lt nurodytais kontaktais (motyvas.studio@gmail.com) bei u\u017eklaus\u0173 pateikimo forma \u201eSusisiekite su mumis\u201c.<\/p>\n\n\n\n<p><strong>8.&nbsp;&nbsp;&nbsp;&nbsp;&nbsp;&nbsp;&nbsp;&nbsp;BAIGIAMOSIOS NUOSTATOS<\/strong><\/p>\n\n\n\n<p>8.1.&nbsp; &nbsp; &nbsp;\u0160ios Taisykl\u0117s sudarytos vadovaujantis Lietuvos Respublikos teis\u0117s aktais ir j\u0173 kylantiems santykiams taikoma Lietuvos Respublikos teis\u0117.<\/p>\n\n\n\n<p>8.2.&nbsp; &nbsp; &nbsp;Nesutarimai, kil\u0119 tarp d\u0117l \u0161i\u0173 Taisykli\u0173 vykdymo, sprend\u017eiami deryb\u0173 b\u016bdu. Nepavykus susitarti per 30 (trisde\u0161imt) kalendorini\u0173 dien\u0173, gin\u010dai sprend\u017eiami Lietuvos Respublikos teis\u0117s akt\u0173 nustatyta tvarka.<\/p>\n\n\n\n<p>8.3.&nbsp; &nbsp; &nbsp;Tuo atveju, jei Pirk\u0117jas nesutinka su Pardav\u0117jo atsakymu \u012f Pirk\u0117jo ra\u0161ytin\u0119 pretenzij\u0105, savo pra\u0161ym\u0105 \/ skund\u0105 \u012fsigytos Prek\u0117s i\u0161 Pardav\u0117jo Pirk\u0117jas gali pateikti Valstybinei vartotoj\u0173 teisi\u0173 apsaugos tarnybai (Vilniaus g. 25, 01402 Vilnius, el. p.&nbsp;<a href=\"mailto:tarnyba@vvtat.lt\">tarnyba@vvtat.lt<\/a>, tel. +370 5 262 67 51, interneto svetain\u0117je&nbsp;<a href=\"http:\/\/www.vvtat.lt\/\">www.vvtat.lt<\/a>.<\/p>\n","protected":false},"excerpt":{"rendered":"<p>Preki\u0173 pirkimo \u2013 pardavimo taisykl\u0117s Mot-yvas.lt e-parduotuv\u0117je Aktuali redakcija nuo 2021 m. liepos 23 d.Kilus klausimams susisiekite el. pa\u0161tu motyvas.studio@gmail.com 1.&nbsp; &nbsp; &nbsp; &nbsp;&nbsp;PAGRINDIN\u0116S S\u0104VOKOS 1.1.&nbsp; &nbsp; &nbsp;Mot-yvas.lt&nbsp;\u2013 tai e-parduotuv\u0117, veikianti adresu&nbsp;www.mot-yvas.lt, kuri\u0105 administruoja fizinis asmuo Nijol\u0117 Ju\u0161kyt\u0117 Budrien\u0117, individualios veiklos pa\u017eymos nr. 866079, registruotos buvein\u0117s adresas Skrobl\u0173 g. 31-35, Vilnius LT-03140. 1.2.&nbsp; &nbsp; &nbsp;Sutartis\u2013 [&hellip;]<\/p>\n","protected":false},"author":1,"featured_media":0,"parent":0,"menu_order":4,"comment_status":"closed","ping_status":"closed","template":"","meta":{"_monsterinsights_skip_tracking":false,"_monsterinsights_sitenote_active":false,"_monsterinsights_sitenote_note":"","_monsterinsights_sitenote_category":0,"footnotes":""},"jetpack_sharing_enabled":true,"_links":{"self":[{"href":"https:\/\/mot-yvas.lt\/index.php\/wp-json\/wp\/v2\/pages\/174"}],"collection":[{"href":"https:\/\/mot-yvas.lt\/index.php\/wp-json\/wp\/v2\/pages"}],"about":[{"href":"https:\/\/mot-yvas.lt\/index.php\/wp-json\/wp\/v2\/types\/page"}],"author":[{"embeddable":true,"href":"https:\/\/mot-yvas.lt\/index.php\/wp-json\/wp\/v2\/users\/1"}],"replies":[{"embeddable":true,"href":"https:\/\/mot-yvas.lt\/index.php\/wp-json\/wp\/v2\/comments?post=174"}],"version-history":[{"count":3,"href":"https:\/\/mot-yvas.lt\/index.php\/wp-json\/wp\/v2\/pages\/174\/revisions"}],"predecessor-version":[{"id":287,"href":"https:\/\/mot-yvas.lt\/index.php\/wp-json\/wp\/v2\/pages\/174\/revisions\/287"}],"wp:attachment":[{"href":"https:\/\/mot-yvas.lt\/index.php\/wp-json\/wp\/v2\/media?parent=174"}],"curies":[{"name":"wp","href":"https:\/\/api.w.org\/{rel}","templated":true}]}}