{"id":163,"date":"2021-06-15T10:12:41","date_gmt":"2021-06-15T10:12:41","guid":{"rendered":"https:\/\/mot-yvas.lt\/?page_id=163"},"modified":"2021-06-15T14:08:10","modified_gmt":"2021-06-15T14:08:10","slug":"privatumo-politika","status":"publish","type":"page","link":"https:\/\/mot-yvas.lt\/index.php\/privatumo-politika\/","title":{"rendered":"privatumo politika"},"content":{"rendered":"<p style=\"font-weight: 400;\"><span style=\"color: #333333;\">Aktuali redakcija nuo 2021 m. bir\u017eelio 15 d.<\/span><\/p>\n<ol>\n<li style=\"font-weight: 400;\"><span style=\"color: #333333;\"><b><strong> \u00a0 \u00a0PAGRINDIN\u0116S S\u0104VOKOS<\/strong><\/b><\/span><\/li>\n<\/ol>\n<p style=\"font-weight: 400;\"><span style=\"color: #333333;\">1.1.\u00a0\u00a0\u00a0Asmens duomen\u0173 tvarkytojas \u2013 Nijol\u0117 Ju\u0161kyt\u0117 Budrien\u0117, individualios veiklos pa\u017eymos nr.\u00a0 866079, registruotos buvein\u0117s adresas Skrobl\u0173 g. 31, Vilnius LT-03140, tel. +370 64862556, el. pa\u0161to adresas motyvas.studio@gmail.com.<\/span><\/p>\n<p style=\"font-weight: 400;\"><span style=\"color: #333333;\">1.2.\u00a0\u00a0\u00a0Klientas \u2013 Pirk\u0117jas ir \/ ar kitas fizinis asmuo, kuris naudojasi Mot-yvas.lt paslaugomis ir \/ ar prenumeruoja Mot-yvas.lt naujienlai\u0161k\u012f, taip sutikdamas gauti rinkodaros informacij\u0105.<\/span><\/p>\n<p style=\"font-weight: 400;\"><span style=\"color: #333333;\">1.3.\u00a0\u00a0\u00a0Privatumo politika \u2013 dokumentas, kuriame yra numatytos pagrindin\u0117s Asmens duomen\u0173 rinkimo, kaupimo, tvarkymo ir laikymo taisykl\u0117s, naudojantis Mot-yvas.lt paslaugomis.<\/span><\/p>\n<p style=\"font-weight: 400;\"><span style=\"color: #333333;\">1.4.\u00a0\u00a0\u00a0Asmens duomenys \u2013 yra bet kokia Mot-yvas.lt\u00a0renkama informacija, kuri gali b\u016bti panaudota Pirk\u0117jo ar svetain\u0117s lankytojo tapatybei nustatyti bei yra saugoma elektroniniu ar kitu b\u016bdu.<\/span><\/p>\n<ol start=\"2\">\n<li style=\"font-weight: 400;\"><span style=\"color: #333333;\"><b><strong> \u00a0 \u00a0<\/strong><\/b><b><strong>BENDROSIOS NUOSTATOS<\/strong><\/b><\/span><\/li>\n<\/ol>\n<p style=\"font-weight: 400;\"><span style=\"color: #333333;\">2.1.\u00a0\u00a0\u00a0\u0160i Privatumo politika apibr\u0117\u017eia pagrindines Asmens duomen\u0173 tvarkymo taisykles ir s\u0105lygas, kuri\u0173 privalo laikytis visi Mot-yvas.lt Klientai atlik\u0119 aktyvius veiksmus Mot-yvas.lt svetain\u0117je.<\/span><\/p>\n<p style=\"font-weight: 400;\"><span style=\"color: #333333;\">2.2.\u00a0\u00a0Politika skirta supa\u017eindinti Jus su Mot-yvas.lt\u00a0vykdomu J\u016bs\u0173 asmens duomen\u0173 tvarkymu. Asmens duomenys \u2013 tai bet kokia informacija, remiantis kuria gali b\u016bti ar yra nustatyta J\u016bs\u0173 tapatyb\u0117: vardas, pavard\u0117, telefono numeris, elektroninio pa\u0161to adresas ir kita informacija.<\/span><\/p>\n<p><span style=\"color: #333333;\">Prisijungdami prie Mot-yvas.lt internetin\u0117s svetain\u0117s ir (ar) ja naudodamiesi, J\u016bs patvirtinate, kad esate tinkamai susipa\u017ein\u0119 su Privatumo politika ir suprantate, kad Mot-yvas.lt tvarkys J\u016bs\u0173 pateikt\u0105 informacij\u0105 (\u012fskaitant ir asmens duomenis) tiek, kiek tai yra reikalinga Mot-yvas.lt\u00a0paslaugoms tinkamai suteikti ir (ar) Mot-yvas.lt\u00a0internetin\u0117s svetain\u0117s valdymo bei funkcionavimo u\u017etikrinimui.<\/span><\/p>\n<ol start=\"3\">\n<li style=\"font-weight: 400;\"><span style=\"color: #333333;\"><b><strong> \u00a0 \u00a0<\/strong><\/b><b><strong>ASMENS DUOMEN\u0172 SAUGUMAS<\/strong><\/b><\/span><\/li>\n<\/ol>\n<p style=\"font-weight: 400;\"><span style=\"color: #333333;\">3.1.\u00a0\u00a0\u00a0J\u016bs\u0173 asmens duomenys yra tvarkomi laikantis Bendrojo duomen\u0173 apsaugos reglamento, LR Asmens duomen\u0173 teisin\u0117s apsaugos \u012fstatymo ir kit\u0173 teis\u0117s akt\u0173 nustatyt\u0173 reikalavim\u0173. Tvarkydami J\u016bs\u0173 asmens duomenis, mes \u012fgyvendiname organizacines ir technines priemones, kurios u\u017etikrina asmens duomen\u0173 apsaug\u0105 nuo atsitiktinio ar neteis\u0117to sunaikinimo, pakeitimo, atskleidimo, taip pat nuo bet kokio kito neteis\u0117to tvarkymo.<\/span><\/p>\n<ol start=\"4\">\n<li style=\"font-weight: 400;\"><span style=\"color: #333333;\"><b><strong> \u00a0 \u00a0RENKAM\u0172 IR TVARKOM\u0172 ASMENS DUOMEN\u0172 NAUDOJIMAS<\/strong><\/b><\/span><\/li>\n<\/ol>\n<p style=\"font-weight: 400;\"><span style=\"color: #333333;\">4.1.\u00a0\u00a0\u00a0Asmens duomenys gali b\u016bti renkami toliau apra\u0161omais b\u016bdais. \u0160ioje Privatumo politikoje nurodome, ko galima tik\u0117tis, kai Mot-yvas.lt renka asmens duomenis apie asmenis, kurie:<\/span><\/p>\n<p style=\"font-weight: 400;\"><span style=\"color: #333333;\">4.1.1.\u00a0\u00a0naudojasi Mot-yvas.lt paslaugomis,<\/span><\/p>\n<p style=\"font-weight: 400;\"><span style=\"color: #333333;\">4.1.2.\u00a0\u00a0sutinka gauti Mot-yvas.lt rinkodaros med\u017eiag\u0105,<\/span><\/p>\n<p style=\"font-weight: 400;\"><span style=\"color: #333333;\">4.1.3.\u00a0\u00a0patys susisiekia Mot-yvas.lt,<\/span><\/p>\n<p style=\"font-weight: 400;\"><span style=\"color: #333333;\">4.1.4.\u00a0\u00a0lankosi interneto svetain\u0117je\u00a0<a style=\"color: #333333;\" href=\"http:\/\/www.mot-yvas.lt\">www.mot-yvas.lt.<\/a><\/span><\/p>\n<ol start=\"5\">\n<li style=\"font-weight: 400;\"><span style=\"color: #333333;\"><b><strong> \u00a0 \u00a0PASLAUGOS, KURIAS TEIKIANT YRA TVARKOMI ASMENS DUOMENYS<\/strong><\/b><\/span><\/li>\n<\/ol>\n<p style=\"font-weight: 400;\"><span style=\"color: #333333;\">5.1.\u00a0\u00a0\u00a0Klient\u0173 aptarnavimas, registravimas ir identifikacija:<\/span><\/p>\n<p style=\"font-weight: 400;\"><span style=\"color: #333333;\">5.1.1.\u00a0\u00a0Tvarkomi asmens duomenys: vardas, pavard\u0117, telefono numeris, elektroninio pa\u0161to adresas, gyvenamosios vietos adresas, IP adresas.<\/span><\/p>\n<p style=\"font-weight: 400;\"><span style=\"color: #333333;\">5.1.2.\u00a0\u00a0Duomen\u0173 tvarkymo terminas: 5 metai nuo paskutinio prisijungimo dienos.<\/span><\/p>\n<p style=\"font-weight: 400;\"><span style=\"color: #333333;\">5.1.3.\u00a0\u00a0Duomen\u0173 tvarkymo pagrindas: sutikimas.<\/span><\/p>\n<p style=\"font-weight: 400;\"><span style=\"color: #333333;\">5.2.\u00a0\u00a0\u00a0Preki\u0173 ar paslaug\u0173 pirkimo \u2013 pardavimo sutarties sudarymas ir vykdymas:<\/span><\/p>\n<p style=\"font-weight: 400;\"><span style=\"color: #333333;\">5.2.1.\u00a0\u00a0Tvarkomi asmens duomenys: vardas, pavard\u0117, telefono numeris, elektroninio pa\u0161to adresas, gyvenamosios vietos adresas, atsiskaitymo duomenys (banko s\u0105skaitos numeris ir pan.), s\u0105skaitos fakt\u016bros rekvizitai, informacija apie atmestus ar nepavykusius mok\u0117jimus.<\/span><\/p>\n<p style=\"font-weight: 400;\"><span style=\"color: #333333;\">5.2.2.\u00a0\u00a0Duomen\u0173 tvarkymo terminas: 10 met\u0173 po sutarties sudarymo sutarties sudarymo fakt\u0105 patvirtinantys duomenys ir su sutarties sudarymu susijusi informacija bei apskaitos dokumentai.<\/span><\/p>\n<p style=\"font-weight: 400;\"><span style=\"color: #333333;\">5.2.3.\u00a0\u00a0Duomen\u0173 tvarkymo pagrindas: sutikimas.<\/span><\/p>\n<p style=\"font-weight: 400;\"><span style=\"color: #333333;\">5.3.\u00a0\u00a0\u00a0Klient\u0173 u\u017eklausos el. pa\u0161tu:<\/span><\/p>\n<p style=\"font-weight: 400;\"><span style=\"color: #333333;\">5.3.1.\u00a0\u00a0Tvarkomi asmens duomenys: vardas, pavard\u0117, elektroninio pa\u0161to adresas bei susira\u0161in\u0117jimo tekstas.<\/span><\/p>\n<p style=\"font-weight: 400;\"><span style=\"color: #333333;\">5.3.2.\u00a0\u00a0Duomen\u0173 tvarkymo terminas: 1 metai nuo \u017einut\u0117s gavimo, i\u0161skyrus informacij\u0105, kurios saugojimui Privatumo politikoje ar teis\u0117s aktuose nustatyti kiti terminai.\u00a0<\/span><\/p>\n<p style=\"font-weight: 400;\"><span style=\"color: #333333;\">5.3.3.\u00a0\u00a0Duomen\u0173 tvarkymo pagrindas: sutikimas<\/span><\/p>\n<p style=\"font-weight: 400;\"><span style=\"color: #333333;\">5.4.\u00a0\u00a0\u00a0Tiesiogin\u0117 rinkodara.<\/span><\/p>\n<p style=\"font-weight: 400;\"><span style=\"color: #333333;\">5.4.1.\u00a0\u00a0Tiesiogin\u0117 rinkodara vykdoma tik asmen\u0173, kurie yra sulauk\u0119 16 met\u0173 am\u017eiaus at\u017evilgiu. Asmenims, kurie yra suteik\u0119 savo kontaktinius duomenis ir i\u0161rei\u0161k\u0119 nor\u0105 gauti informacij\u0105 apie Mot-yvas.lt si\u016blomas prekes ir (ar) paslaugas, elektroninio ry\u0161io priemon\u0117mis (elektroniniu pa\u0161tu ir kt.) si\u0173sime pasi\u016blymus d\u0117l Mot-yvas.lt paslaug\u0173 teikimo ar preki\u0173 pardavimo, naujienlai\u0161kius ir kit\u0105 reklamin\u0119 med\u017eiag\u0105, teirausim\u0117s nuomon\u0117s apie suteiktas paslaugas, prane\u0161ime naujienas.<\/span><\/p>\n<p style=\"font-weight: 400;\"><span style=\"color: #333333;\">5.4.2.\u00a0\u00a0Tvarkomi asmens duomenys: vardas, pavard\u0117, telefono numeris, elektroninio pa\u0161to adresas, gyvenamosios vietos adresas, IP adresas.<\/span><\/p>\n<p style=\"font-weight: 400;\"><span style=\"color: #333333;\">5.4.3.\u00a0\u00a0Duomen\u0173 tvarkymo terminas:\u00a05 metai nuo paskutinio prisijungimo dienos.<\/span><\/p>\n<p style=\"font-weight: 400;\"><span style=\"color: #333333;\">5.4.4.\u00a0\u00a0Duomen\u0173 tvarkymo pagrindas: sutikimas.<\/span><\/p>\n<p style=\"font-weight: 400;\"><span style=\"color: #333333;\">5.5.\u00a0\u00a0\u00a0J\u016bs turite teis\u0119 bet kada atsisakyti gauti tiesiogin\u0117s rinkodaros prane\u0161imus, susisiekdami su mumis elektroniniu pa\u0161tu motyvas.studio@gmail.com.\u00a0<\/span><\/p>\n<ol start=\"6\">\n<li style=\"font-weight: 400;\"><span style=\"color: #333333;\"><b><strong> \u00a0 \u00a0SLAPUKAI<\/strong><\/b><\/span><\/li>\n<\/ol>\n<p style=\"font-weight: 400;\"><span style=\"color: #333333;\">6.1.\u00a0\u00a0\u00a0Mes naudojame toliau apib\u016bdintus slapukus:<\/span><\/p>\n<p style=\"font-weight: 400;\"><span style=\"color: #333333;\">6.1.1.\u00a0\u00a0Absoliu\u010diai b\u016btini slapukai.<\/span><br \/>\n<span style=\"color: #333333;\">\u0160ie slapukai yra b\u016btini tam, kad gal\u0117t\u0173 veikti interneto svetaine <a style=\"color: #333333;\" href=\"http:\/\/www.mot-yvas.lt\">www.mot-yvas.lt<\/a>. Tokiais slapukais tvarkom\u0173 duomen\u0173 pagrindas yra Kliento sutikimas lankantis interneto svetain\u0117je. Tai gali b\u016bti slapukai, kurie, pavyzd\u017eiui, leid\u017eia Klientui prisijungti ir patekti \u012f apsaugotus interneto svetain\u0117s puslapius, naudotis pirkini\u0173 krep\u0161elio funkcija ir kt. paslaugomis.<\/span><\/p>\n<p style=\"font-weight: 400;\"><span style=\"color: #333333;\">6.1.2.\u00a0\u00a0Analitiniai ir (arba) veiksmingumo slapukai.<\/span><br \/>\n<span style=\"color: #333333;\">\u0160ie slapukai leid\u017eia atpa\u017einti ir suskai\u010diuoti svetain\u0117s lankytojus bei steb\u0117ti, kaip lankytojai juda po interneto svetain\u0119 ja naudodamiesi. Tai padeda pagerinti svetain\u0117s veikim\u0105, pavyzd\u017eiui, u\u017etikrinti, kad vartotojai gal\u0117t\u0173 lengvai rasti tai, ko ie\u0161ko. \u0160i\u0173 slapuk\u0173 renkam\u0173 duomen\u0173 tvarkymo pagrindas yra Klient\u0173 sutikimas.<\/span><\/p>\n<p style=\"font-weight: 400;\"><span style=\"color: #333333;\">6.1.3.\u00a0\u00a0Funkciniai slapukai.<\/span><br \/>\n<span style=\"color: #333333;\">\u0160ie slapukai yra naudojami Klientams atpa\u017einti, kai jie gr\u012f\u017eta \u012f interneto svetain\u0119. Tai leid\u017eia pateikti pagal Klient\u0173 poreikius pritaikyt\u0105 turin\u012f, \u012fsiminti Klientams aktuali\u0105 informacij\u0105. \u0160i\u0173 slapuk\u0173 renkam\u0173 duomen\u0173 tvarkymo pagrindas yra Klient\u0173 sutikimas.<\/span><\/p>\n<p style=\"font-weight: 400;\"><span style=\"color: #333333;\">6.2.\u00a0 Mot-yvas.lt partneriai ir j\u0173 naudojami slapukai:<\/span><\/p>\n<p style=\"font-weight: 400;\"><span style=\"color: #333333;\">6.2.1.\u00a0 <b><strong>Google Analytics<\/strong><\/b>\u00a0slapukai naudojami informacijai apie lankytoj\u0173 elges\u012f svetain\u0117je, marketingo kampanij\u0173 efektyvum\u0105 bei lankytoj\u0173 technini\u0173 \u012frengini\u0173 duomenims rinkti. Daugiau informacijos\u00a0<a style=\"color: #333333;\" href=\"https:\/\/policies.google.com\/technologies\/cookies\">https:\/\/policies.google.com\/technologies\/cookies<\/a><\/span><\/p>\n<ol start=\"7\">\n<li style=\"font-weight: 400;\"><span style=\"color: #333333;\"><b><strong> \u00a0 \u00a0DUOMEN\u0172 ATSKLEIDIMAS IR PERDAVIMAS<\/strong><\/b><\/span><\/li>\n<\/ol>\n<p style=\"font-weight: 400;\"><span style=\"color: #333333;\">7.1.\u00a0 Mot-yvas.lt gali atskleisti informacij\u0105 apie Jus savo darbuotojams, tarpininkams, paslaug\u0173 tiek\u0117jams ar subrangovams, jei pagr\u012fstai reikia tiems tikslams, kaip nurodyta \u0161ioje Privatumo politikoje. Taip pat mes galime atskleisti informacij\u0105 apie Jus:<\/span><\/p>\n<p style=\"font-weight: 400;\"><span style=\"color: #333333;\">7.1.1.\u00a0\u00a0Kai turime tai padaryti tai pagal \u012fstatym\u0105.<\/span><\/p>\n<p style=\"font-weight: 400;\"><span style=\"color: #333333;\">7.1.2.\u00a0\u00a0Siekiant apginti savo teises ar interesus (\u012fskaitant J\u016bs\u0173 asmens duomen\u0173 pateikim\u0105 tretiesiems asmenims, siekiant i\u0161ie\u0161koti J\u016bs\u0173 \u012fsiskolinimus).<\/span><\/p>\n<p style=\"font-weight: 400;\"><span style=\"color: #333333;\">7.1.3.\u00a0\u00a0Perleidus Mot-yvas.lt veikl\u0105 ar jos dal\u012f tretiesiems asmenims, atskleid\u017eiant J\u016bs\u0173 asmens duomenis potencialiam veiklos ar jos dalies per\u0117m\u0117jui.<\/span><\/p>\n<ol start=\"8\">\n<li style=\"font-weight: 400;\"><span style=\"color: #333333;\"><b><strong>PRIVATUMO POLITIKOS PAKEITIMAI<\/strong><\/b><\/span><\/li>\n<\/ol>\n<p style=\"font-weight: 400;\"><span style=\"color: #333333;\">8.1.\u00a0 Mot-yvas.lt gali bet kada atnaujinti ar pakeisti \u0161i\u0105 Privatumo politik\u0105. Atnaujinta Privatumo politika \u012fsigalios nuo jos paskelbimo interneto svetain\u0117je <a style=\"color: #333333;\" href=\"http:\/\/www.mot-yvas.lt\">www.mot-yvas.lt<\/a>.<\/span><\/p>\n<p style=\"font-weight: 400;\"><span style=\"color: #333333;\">8.2.\u00a0\u00a0\u00a0Atnaujinta Privatumo politika skelbiama nurodant jos atnaujinimo dat\u0105. Jei prisijungiate prie Interneto svetain\u0117s po tokio atnaujinimo paskelbimo, J\u016bs sutinkate su visais Privatumo politikos atnaujinimais.<\/span><\/p>\n","protected":false},"excerpt":{"rendered":"<p>Aktuali redakcija nuo 2021 m. bir\u017eelio 15 d. \u00a0 \u00a0PAGRINDIN\u0116S S\u0104VOKOS 1.1.\u00a0\u00a0\u00a0Asmens duomen\u0173 tvarkytojas \u2013 Nijol\u0117 Ju\u0161kyt\u0117 Budrien\u0117, individualios veiklos pa\u017eymos nr.\u00a0 866079, registruotos buvein\u0117s adresas Skrobl\u0173 g. 31, Vilnius LT-03140, tel. +370 64862556, el. pa\u0161to adresas motyvas.studio@gmail.com. 1.2.\u00a0\u00a0\u00a0Klientas \u2013 Pirk\u0117jas ir \/ ar kitas fizinis asmuo, kuris naudojasi Mot-yvas.lt paslaugomis ir \/ ar prenumeruoja [&hellip;]<\/p>\n","protected":false},"author":1,"featured_media":0,"parent":0,"menu_order":5,"comment_status":"closed","ping_status":"closed","template":"","meta":{"_monsterinsights_skip_tracking":false,"_monsterinsights_sitenote_active":false,"_monsterinsights_sitenote_note":"","_monsterinsights_sitenote_category":0,"footnotes":""},"jetpack_sharing_enabled":true,"_links":{"self":[{"href":"https:\/\/mot-yvas.lt\/index.php\/wp-json\/wp\/v2\/pages\/163"}],"collection":[{"href":"https:\/\/mot-yvas.lt\/index.php\/wp-json\/wp\/v2\/pages"}],"about":[{"href":"https:\/\/mot-yvas.lt\/index.php\/wp-json\/wp\/v2\/types\/page"}],"author":[{"embeddable":true,"href":"https:\/\/mot-yvas.lt\/index.php\/wp-json\/wp\/v2\/users\/1"}],"replies":[{"embeddable":true,"href":"https:\/\/mot-yvas.lt\/index.php\/wp-json\/wp\/v2\/comments?post=163"}],"version-history":[{"count":2,"href":"https:\/\/mot-yvas.lt\/index.php\/wp-json\/wp\/v2\/pages\/163\/revisions"}],"predecessor-version":[{"id":186,"href":"https:\/\/mot-yvas.lt\/index.php\/wp-json\/wp\/v2\/pages\/163\/revisions\/186"}],"wp:attachment":[{"href":"https:\/\/mot-yvas.lt\/index.php\/wp-json\/wp\/v2\/media?parent=163"}],"curies":[{"name":"wp","href":"https:\/\/api.w.org\/{rel}","templated":true}]}}